{"id":470,"date":"2021-05-12T14:13:44","date_gmt":"2021-05-12T14:13:44","guid":{"rendered":"http:\/\/npf-website-wordpress.ind.ninja\/?page_id=470"},"modified":"2021-08-09T07:28:48","modified_gmt":"2021-08-09T07:28:48","slug":"joignez-vous","status":"publish","type":"page","link":"https:\/\/npf-website-wordpress.ind.ninja\/fr\/joignez-vous\/","title":{"rendered":"Joignez-vous"},"content":{"rendered":"<p><strong>Les membres de la FPN ont droit aux avantages suivants, entre autres :<\/strong><\/p><ol class=\"wp-block-list\" type=\"1\"><li>Droit de vote aux \u00e9lections de la FPN, notamment pour les postes d\u2019administrateurs, de repr\u00e9sentants des sections locales et de d\u00e9l\u00e9gu\u00e9s \u00e0 l\u2019assembl\u00e9e g\u00e9n\u00e9rale annuelle.<\/li><li>Droit de vote lors de la convention collective actuelle approuv\u00e9e par le conseil d\u2019administration et les futures conventions collectives.<\/li><li>Mises \u00e0 jour r\u00e9guli\u00e8res \u00e0 l\u2019intention des membres sur les questions de l\u2019heure, les conventions collectives, l\u2019\u00e9volution des futures n\u00e9gociations collectives, les relations de travail, les offres du service aux familles de la FPN et d\u2019autres sujets pertinents.<\/li><li>Acc\u00e8s \u00e0 la section prot\u00e9g\u00e9e par un mot de passe et r\u00e9serv\u00e9e aux membres sur le site Web de la FPN, qui comprend plus d\u2019information au sujet de la convention collective et le vote, notre Guide de r\u00e9f\u00e9rence en constante \u00e9volution, une foire aux questions, les derni\u00e8res nouvelles et d\u2019autres renseignements importants.<\/li><\/ol><p>Restez au courant en vous inscrivant d\u00e8s aujourd\u2019hui:\u00a0<a href=\"http:\/\/npf-fpn.com\/fr\/product\/adhesion\/\">http:\/\/npf-fpn.com\/fr\/product\/adhesion\/<\/a><\/p><p>N\u2019h\u00e9sitez pas \u00e0 parler des avantages d\u2019\u00eatre membre de la FPN \u00e0 vos coll\u00e8gues de la GRC qui ne le sont pas.<\/p><div class=\"wp-block-buttons is-layout-flex wp-block-buttons-is-layout-flex\"><div class=\"wp-block-button npf-btn npf-btn--primary\"><a class=\"wp-block-button__link\" href=\"\/fr\/product\/adhesion\">Joignez-vous<\/a><\/div><\/div>","protected":false},"excerpt":{"rendered":"<p>Les membres de la FPN ont droit aux avantages suivants, entre autres : Droit de vote aux \u00e9lections de la FPN, notamment pour les postes d\u2019administrateurs, de repr\u00e9sentants des sections locales et de d\u00e9l\u00e9gu\u00e9s \u00e0 l\u2019assembl\u00e9e g\u00e9n\u00e9rale annuelle. Droit de [&hellip;]<\/p>\n","protected":false},"author":1,"featured_media":0,"parent":0,"menu_order":0,"comment_status":"closed","ping_status":"closed","template":"","meta":{"_acf_changed":false,"inline_featured_image":false,"footnotes":""},"class_list":["post-470","page","type-page","status-publish","hentry"],"acf":[],"yoast_head":"<!-- This site is optimized with the Yoast SEO plugin v24.4 - https:\/\/yoast.com\/wordpress\/plugins\/seo\/ -->\n<title>Joignez-vous - NPF-FPN<\/title>\n<meta name=\"robots\" content=\"noindex, follow, max-snippet:-1, max-image-preview:large, max-video-preview:-1\" \/>\n<meta property=\"og:locale\" content=\"fr_FR\" \/>\n<meta property=\"og:type\" content=\"article\" \/>\n<meta property=\"og:title\" content=\"Joignez-vous - NPF-FPN\" \/>\n<meta property=\"og:description\" content=\"Les membres de la FPN ont droit aux avantages suivants, entre autres : Droit de vote aux \u00e9lections de la FPN, notamment pour les postes d\u2019administrateurs, de repr\u00e9sentants des sections locales et de d\u00e9l\u00e9gu\u00e9s \u00e0 l\u2019assembl\u00e9e g\u00e9n\u00e9rale annuelle. Droit de [&hellip;]\" \/>\n<meta property=\"og:url\" content=\"https:\/\/npf-website-wordpress.ind.ninja\/fr\/joignez-vous\/\" \/>\n<meta property=\"og:site_name\" content=\"NPF-FPN\" \/>\n<meta property=\"article:modified_time\" content=\"2021-08-09T07:28:48+00:00\" \/>\n<meta name=\"twitter:card\" content=\"summary_large_image\" \/>\n<meta name=\"twitter:label1\" content=\"Est. reading time\" \/>\n\t<meta name=\"twitter:data1\" content=\"1 minute\" \/>\n<script type=\"application\/ld+json\" class=\"yoast-schema-graph\">{\"@context\":\"https:\/\/schema.org\",\"@graph\":[{\"@type\":\"WebPage\",\"@id\":\"https:\/\/npf-website-wordpress.ind.ninja\/fr\/joignez-vous\/\",\"url\":\"https:\/\/npf-website-wordpress.ind.ninja\/fr\/joignez-vous\/\",\"name\":\"Joignez-vous - NPF-FPN\",\"isPartOf\":{\"@id\":\"https:\/\/npf-website-wordpress.ind.ninja\/#website\"},\"datePublished\":\"2021-05-12T14:13:44+00:00\",\"dateModified\":\"2021-08-09T07:28:48+00:00\",\"breadcrumb\":{\"@id\":\"https:\/\/npf-website-wordpress.ind.ninja\/fr\/joignez-vous\/#breadcrumb\"},\"inLanguage\":\"fr-FR\",\"potentialAction\":[{\"@type\":\"ReadAction\",\"target\":[\"https:\/\/npf-website-wordpress.ind.ninja\/fr\/joignez-vous\/\"]}]},{\"@type\":\"BreadcrumbList\",\"@id\":\"https:\/\/npf-website-wordpress.ind.ninja\/fr\/joignez-vous\/#breadcrumb\",\"itemListElement\":[{\"@type\":\"ListItem\",\"position\":1,\"name\":\"Home\",\"item\":\"https:\/\/npf-website-wordpress.ind.ninja\/fr\/\"},{\"@type\":\"ListItem\",\"position\":2,\"name\":\"Joignez-vous\"}]},{\"@type\":\"WebSite\",\"@id\":\"https:\/\/npf-website-wordpress.ind.ninja\/#website\",\"url\":\"https:\/\/npf-website-wordpress.ind.ninja\/\",\"name\":\"NPF-FPN\",\"description\":\"roviding strong, fair and progressive representation to almost 20,000 RCMP members across Canada.\",\"publisher\":{\"@id\":\"https:\/\/npf-website-wordpress.ind.ninja\/#organization\"},\"potentialAction\":[{\"@type\":\"SearchAction\",\"target\":{\"@type\":\"EntryPoint\",\"urlTemplate\":\"https:\/\/npf-website-wordpress.ind.ninja\/?s={search_term_string}\"},\"query-input\":{\"@type\":\"PropertyValueSpecification\",\"valueRequired\":true,\"valueName\":\"search_term_string\"}}],\"inLanguage\":\"fr-FR\"},{\"@type\":\"Organization\",\"@id\":\"https:\/\/npf-website-wordpress.ind.ninja\/#organization\",\"name\":\"NPF-FPN\",\"url\":\"https:\/\/npf-website-wordpress.ind.ninja\/\",\"logo\":{\"@type\":\"ImageObject\",\"inLanguage\":\"fr-FR\",\"@id\":\"https:\/\/npf-website-wordpress.ind.ninja\/#\/schema\/logo\/image\/\",\"url\":\"https:\/\/npf-fpn.com\/app\/uploads\/2022\/01\/NPF.jpg\",\"contentUrl\":\"https:\/\/npf-fpn.com\/app\/uploads\/2022\/01\/NPF.jpg\",\"width\":200,\"height\":200,\"caption\":\"NPF-FPN\"},\"image\":{\"@id\":\"https:\/\/npf-website-wordpress.ind.ninja\/#\/schema\/logo\/image\/\"}}]}<\/script>\n<!-- \/ Yoast SEO plugin. -->","yoast_head_json":{"title":"Joignez-vous - NPF-FPN","robots":{"index":"noindex","follow":"follow","max-snippet":"max-snippet:-1","max-image-preview":"max-image-preview:large","max-video-preview":"max-video-preview:-1"},"og_locale":"fr_FR","og_type":"article","og_title":"Joignez-vous - NPF-FPN","og_description":"Les membres de la FPN ont droit aux avantages suivants, entre autres : Droit de vote aux \u00e9lections de la FPN, notamment pour les postes d\u2019administrateurs, de repr\u00e9sentants des sections locales et de d\u00e9l\u00e9gu\u00e9s \u00e0 l\u2019assembl\u00e9e g\u00e9n\u00e9rale annuelle. Droit de [&hellip;]","og_url":"https:\/\/npf-website-wordpress.ind.ninja\/fr\/joignez-vous\/","og_site_name":"NPF-FPN","article_modified_time":"2021-08-09T07:28:48+00:00","twitter_card":"summary_large_image","twitter_misc":{"Est. reading time":"1 minute"},"schema":{"@context":"https:\/\/schema.org","@graph":[{"@type":"WebPage","@id":"https:\/\/npf-website-wordpress.ind.ninja\/fr\/joignez-vous\/","url":"https:\/\/npf-website-wordpress.ind.ninja\/fr\/joignez-vous\/","name":"Joignez-vous - NPF-FPN","isPartOf":{"@id":"https:\/\/npf-website-wordpress.ind.ninja\/#website"},"datePublished":"2021-05-12T14:13:44+00:00","dateModified":"2021-08-09T07:28:48+00:00","breadcrumb":{"@id":"https:\/\/npf-website-wordpress.ind.ninja\/fr\/joignez-vous\/#breadcrumb"},"inLanguage":"fr-FR","potentialAction":[{"@type":"ReadAction","target":["https:\/\/npf-website-wordpress.ind.ninja\/fr\/joignez-vous\/"]}]},{"@type":"BreadcrumbList","@id":"https:\/\/npf-website-wordpress.ind.ninja\/fr\/joignez-vous\/#breadcrumb","itemListElement":[{"@type":"ListItem","position":1,"name":"Home","item":"https:\/\/npf-website-wordpress.ind.ninja\/fr\/"},{"@type":"ListItem","position":2,"name":"Joignez-vous"}]},{"@type":"WebSite","@id":"https:\/\/npf-website-wordpress.ind.ninja\/#website","url":"https:\/\/npf-website-wordpress.ind.ninja\/","name":"NPF-FPN","description":"roviding strong, fair and progressive representation to almost 20,000 RCMP members across Canada.","publisher":{"@id":"https:\/\/npf-website-wordpress.ind.ninja\/#organization"},"potentialAction":[{"@type":"SearchAction","target":{"@type":"EntryPoint","urlTemplate":"https:\/\/npf-website-wordpress.ind.ninja\/?s={search_term_string}"},"query-input":{"@type":"PropertyValueSpecification","valueRequired":true,"valueName":"search_term_string"}}],"inLanguage":"fr-FR"},{"@type":"Organization","@id":"https:\/\/npf-website-wordpress.ind.ninja\/#organization","name":"NPF-FPN","url":"https:\/\/npf-website-wordpress.ind.ninja\/","logo":{"@type":"ImageObject","inLanguage":"fr-FR","@id":"https:\/\/npf-website-wordpress.ind.ninja\/#\/schema\/logo\/image\/","url":"https:\/\/npf-fpn.com\/app\/uploads\/2022\/01\/NPF.jpg","contentUrl":"https:\/\/npf-fpn.com\/app\/uploads\/2022\/01\/NPF.jpg","width":200,"height":200,"caption":"NPF-FPN"},"image":{"@id":"https:\/\/npf-website-wordpress.ind.ninja\/#\/schema\/logo\/image\/"}}]}},"_links":{"self":[{"href":"https:\/\/npf-website-wordpress.ind.ninja\/fr\/wp-json\/wp\/v2\/pages\/470","targetHints":{"allow":["GET"]}}],"collection":[{"href":"https:\/\/npf-website-wordpress.ind.ninja\/fr\/wp-json\/wp\/v2\/pages"}],"about":[{"href":"https:\/\/npf-website-wordpress.ind.ninja\/fr\/wp-json\/wp\/v2\/types\/page"}],"author":[{"embeddable":true,"href":"https:\/\/npf-website-wordpress.ind.ninja\/fr\/wp-json\/wp\/v2\/users\/1"}],"replies":[{"embeddable":true,"href":"https:\/\/npf-website-wordpress.ind.ninja\/fr\/wp-json\/wp\/v2\/comments?post=470"}],"version-history":[{"count":5,"href":"https:\/\/npf-website-wordpress.ind.ninja\/fr\/wp-json\/wp\/v2\/pages\/470\/revisions"}],"predecessor-version":[{"id":16676,"href":"https:\/\/npf-website-wordpress.ind.ninja\/fr\/wp-json\/wp\/v2\/pages\/470\/revisions\/16676"}],"wp:attachment":[{"href":"https:\/\/npf-website-wordpress.ind.ninja\/fr\/wp-json\/wp\/v2\/media?parent=470"}],"curies":[{"name":"wp","href":"https:\/\/api.w.org\/{rel}","templated":true}]}}