{"id":26617,"date":"2022-09-13T12:34:51","date_gmt":"2022-09-13T12:34:51","guid":{"rendered":"http:\/\/npf-website-wordpress.ind.ninja\/?page_id=26617"},"modified":"2022-09-14T11:47:50","modified_gmt":"2022-09-14T11:47:50","slug":"verify-account","status":"publish","type":"page","link":"https:\/\/npf-website-wordpress.ind.ninja\/fr\/verify-account\/","title":{"rendered":"V\u00e9rifier votre compte"},"content":{"rendered":"<p>Veuillez v\u00e9rifier vos courriels et cliquez sur Activer le compte dans le message que nous vous avons envoy\u00e9.<\/p><p>Si vous ne recevez pas le courriel, v\u00e9rifiez votre dossier de courrier ind\u00e9sirable.<\/p>","protected":false},"excerpt":{"rendered":"<p>Veuillez v\u00e9rifier vos courriels et cliquez sur Activer le compte dans le message que nous vous avons envoy\u00e9. Si vous ne recevez pas le courriel, v\u00e9rifiez votre dossier de courrier ind\u00e9sirable.<\/p>\n","protected":false},"author":4,"featured_media":0,"parent":0,"menu_order":0,"comment_status":"closed","ping_status":"closed","template":"page-templates\/page-verify-account.php","meta":{"_acf_changed":false,"inline_featured_image":false,"footnotes":""},"class_list":["post-26617","page","type-page","status-publish","hentry"],"acf":[],"yoast_head":"<!-- This site is optimized with the Yoast SEO plugin v24.4 - https:\/\/yoast.com\/wordpress\/plugins\/seo\/ -->\n<title>V\u00e9rifier votre compte - NPF-FPN<\/title>\n<meta name=\"robots\" content=\"noindex, follow, max-snippet:-1, max-image-preview:large, max-video-preview:-1\" \/>\n<meta property=\"og:locale\" content=\"fr_FR\" \/>\n<meta property=\"og:type\" content=\"article\" \/>\n<meta property=\"og:title\" content=\"V\u00e9rifier votre compte - NPF-FPN\" \/>\n<meta property=\"og:description\" content=\"Veuillez v\u00e9rifier vos courriels et cliquez sur Activer le compte dans le message que nous vous avons envoy\u00e9. Si vous ne recevez pas le courriel, v\u00e9rifiez votre dossier de courrier ind\u00e9sirable.\" \/>\n<meta property=\"og:url\" content=\"https:\/\/npf-website-wordpress.ind.ninja\/fr\/verify-account\/\" \/>\n<meta property=\"og:site_name\" content=\"NPF-FPN\" \/>\n<meta property=\"article:modified_time\" content=\"2022-09-14T11:47:50+00:00\" \/>\n<meta name=\"twitter:card\" content=\"summary_large_image\" \/>\n<meta name=\"twitter:label1\" content=\"Est. reading time\" \/>\n\t<meta name=\"twitter:data1\" content=\"1 minute\" \/>\n<script type=\"application\/ld+json\" class=\"yoast-schema-graph\">{\"@context\":\"https:\/\/schema.org\",\"@graph\":[{\"@type\":\"WebPage\",\"@id\":\"https:\/\/npf-website-wordpress.ind.ninja\/fr\/verify-account\/\",\"url\":\"https:\/\/npf-website-wordpress.ind.ninja\/fr\/verify-account\/\",\"name\":\"V\u00e9rifier votre compte - NPF-FPN\",\"isPartOf\":{\"@id\":\"https:\/\/npf-website-wordpress.ind.ninja\/#website\"},\"datePublished\":\"2022-09-13T12:34:51+00:00\",\"dateModified\":\"2022-09-14T11:47:50+00:00\",\"breadcrumb\":{\"@id\":\"https:\/\/npf-website-wordpress.ind.ninja\/fr\/verify-account\/#breadcrumb\"},\"inLanguage\":\"fr-FR\",\"potentialAction\":[{\"@type\":\"ReadAction\",\"target\":[\"https:\/\/npf-website-wordpress.ind.ninja\/fr\/verify-account\/\"]}]},{\"@type\":\"BreadcrumbList\",\"@id\":\"https:\/\/npf-website-wordpress.ind.ninja\/fr\/verify-account\/#breadcrumb\",\"itemListElement\":[{\"@type\":\"ListItem\",\"position\":1,\"name\":\"Home\",\"item\":\"https:\/\/npf-website-wordpress.ind.ninja\/fr\/\"},{\"@type\":\"ListItem\",\"position\":2,\"name\":\"V\u00e9rifier votre compte\"}]},{\"@type\":\"WebSite\",\"@id\":\"https:\/\/npf-website-wordpress.ind.ninja\/#website\",\"url\":\"https:\/\/npf-website-wordpress.ind.ninja\/\",\"name\":\"NPF-FPN\",\"description\":\"roviding strong, fair and progressive representation to almost 20,000 RCMP members across Canada.\",\"publisher\":{\"@id\":\"https:\/\/npf-website-wordpress.ind.ninja\/#organization\"},\"potentialAction\":[{\"@type\":\"SearchAction\",\"target\":{\"@type\":\"EntryPoint\",\"urlTemplate\":\"https:\/\/npf-website-wordpress.ind.ninja\/?s={search_term_string}\"},\"query-input\":{\"@type\":\"PropertyValueSpecification\",\"valueRequired\":true,\"valueName\":\"search_term_string\"}}],\"inLanguage\":\"fr-FR\"},{\"@type\":\"Organization\",\"@id\":\"https:\/\/npf-website-wordpress.ind.ninja\/#organization\",\"name\":\"NPF-FPN\",\"url\":\"https:\/\/npf-website-wordpress.ind.ninja\/\",\"logo\":{\"@type\":\"ImageObject\",\"inLanguage\":\"fr-FR\",\"@id\":\"https:\/\/npf-website-wordpress.ind.ninja\/#\/schema\/logo\/image\/\",\"url\":\"https:\/\/npf-fpn.com\/app\/uploads\/2022\/01\/NPF.jpg\",\"contentUrl\":\"https:\/\/npf-fpn.com\/app\/uploads\/2022\/01\/NPF.jpg\",\"width\":200,\"height\":200,\"caption\":\"NPF-FPN\"},\"image\":{\"@id\":\"https:\/\/npf-website-wordpress.ind.ninja\/#\/schema\/logo\/image\/\"}}]}<\/script>\n<!-- \/ Yoast SEO plugin. -->","yoast_head_json":{"title":"V\u00e9rifier votre compte - NPF-FPN","robots":{"index":"noindex","follow":"follow","max-snippet":"max-snippet:-1","max-image-preview":"max-image-preview:large","max-video-preview":"max-video-preview:-1"},"og_locale":"fr_FR","og_type":"article","og_title":"V\u00e9rifier votre compte - NPF-FPN","og_description":"Veuillez v\u00e9rifier vos courriels et cliquez sur Activer le compte dans le message que nous vous avons envoy\u00e9. Si vous ne recevez pas le courriel, v\u00e9rifiez votre dossier de courrier ind\u00e9sirable.","og_url":"https:\/\/npf-website-wordpress.ind.ninja\/fr\/verify-account\/","og_site_name":"NPF-FPN","article_modified_time":"2022-09-14T11:47:50+00:00","twitter_card":"summary_large_image","twitter_misc":{"Est. reading time":"1 minute"},"schema":{"@context":"https:\/\/schema.org","@graph":[{"@type":"WebPage","@id":"https:\/\/npf-website-wordpress.ind.ninja\/fr\/verify-account\/","url":"https:\/\/npf-website-wordpress.ind.ninja\/fr\/verify-account\/","name":"V\u00e9rifier votre compte - NPF-FPN","isPartOf":{"@id":"https:\/\/npf-website-wordpress.ind.ninja\/#website"},"datePublished":"2022-09-13T12:34:51+00:00","dateModified":"2022-09-14T11:47:50+00:00","breadcrumb":{"@id":"https:\/\/npf-website-wordpress.ind.ninja\/fr\/verify-account\/#breadcrumb"},"inLanguage":"fr-FR","potentialAction":[{"@type":"ReadAction","target":["https:\/\/npf-website-wordpress.ind.ninja\/fr\/verify-account\/"]}]},{"@type":"BreadcrumbList","@id":"https:\/\/npf-website-wordpress.ind.ninja\/fr\/verify-account\/#breadcrumb","itemListElement":[{"@type":"ListItem","position":1,"name":"Home","item":"https:\/\/npf-website-wordpress.ind.ninja\/fr\/"},{"@type":"ListItem","position":2,"name":"V\u00e9rifier votre compte"}]},{"@type":"WebSite","@id":"https:\/\/npf-website-wordpress.ind.ninja\/#website","url":"https:\/\/npf-website-wordpress.ind.ninja\/","name":"NPF-FPN","description":"roviding strong, fair and progressive representation to almost 20,000 RCMP members across Canada.","publisher":{"@id":"https:\/\/npf-website-wordpress.ind.ninja\/#organization"},"potentialAction":[{"@type":"SearchAction","target":{"@type":"EntryPoint","urlTemplate":"https:\/\/npf-website-wordpress.ind.ninja\/?s={search_term_string}"},"query-input":{"@type":"PropertyValueSpecification","valueRequired":true,"valueName":"search_term_string"}}],"inLanguage":"fr-FR"},{"@type":"Organization","@id":"https:\/\/npf-website-wordpress.ind.ninja\/#organization","name":"NPF-FPN","url":"https:\/\/npf-website-wordpress.ind.ninja\/","logo":{"@type":"ImageObject","inLanguage":"fr-FR","@id":"https:\/\/npf-website-wordpress.ind.ninja\/#\/schema\/logo\/image\/","url":"https:\/\/npf-fpn.com\/app\/uploads\/2022\/01\/NPF.jpg","contentUrl":"https:\/\/npf-fpn.com\/app\/uploads\/2022\/01\/NPF.jpg","width":200,"height":200,"caption":"NPF-FPN"},"image":{"@id":"https:\/\/npf-website-wordpress.ind.ninja\/#\/schema\/logo\/image\/"}}]}},"_links":{"self":[{"href":"https:\/\/npf-website-wordpress.ind.ninja\/fr\/wp-json\/wp\/v2\/pages\/26617","targetHints":{"allow":["GET"]}}],"collection":[{"href":"https:\/\/npf-website-wordpress.ind.ninja\/fr\/wp-json\/wp\/v2\/pages"}],"about":[{"href":"https:\/\/npf-website-wordpress.ind.ninja\/fr\/wp-json\/wp\/v2\/types\/page"}],"author":[{"embeddable":true,"href":"https:\/\/npf-website-wordpress.ind.ninja\/fr\/wp-json\/wp\/v2\/users\/4"}],"replies":[{"embeddable":true,"href":"https:\/\/npf-website-wordpress.ind.ninja\/fr\/wp-json\/wp\/v2\/comments?post=26617"}],"version-history":[{"count":2,"href":"https:\/\/npf-website-wordpress.ind.ninja\/fr\/wp-json\/wp\/v2\/pages\/26617\/revisions"}],"predecessor-version":[{"id":26619,"href":"https:\/\/npf-website-wordpress.ind.ninja\/fr\/wp-json\/wp\/v2\/pages\/26617\/revisions\/26619"}],"wp:attachment":[{"href":"https:\/\/npf-website-wordpress.ind.ninja\/fr\/wp-json\/wp\/v2\/media?parent=26617"}],"curies":[{"name":"wp","href":"https:\/\/api.w.org\/{rel}","templated":true}]}}