{"id":23781,"date":"2022-02-09T16:29:11","date_gmt":"2022-02-09T16:29:11","guid":{"rendered":"https:\/\/npf-fpn.com\/?page_id=23781"},"modified":"2022-11-25T18:13:51","modified_gmt":"2022-11-25T18:13:51","slug":"npf-family-services","status":"publish","type":"page","link":"https:\/\/npf-website-wordpress.ind.ninja\/fr\/npf-family-services\/","title":{"rendered":"Services \u00e0 la famille de la FPN"},"content":{"rendered":"<p>Au fur et \u00e0 mesure que la FPN a grandi en taille et en influence, nous avons suscit\u00e9 un plus grand int\u00e9r\u00eat de la part de la GRC \u00e0 l&#8217;\u00e9gard des besoins des familles de la GRC. Il s&#8217;agit d&#8217;un d\u00e9veloppement bienvenu et, par cons\u00e9quent, la FPN modifiera la fa\u00e7on dont elle offre les services \u00e0 la famille de la FPN \u00e0 l&#8217;avenir. Nos efforts seront d\u00e9sormais ax\u00e9s sur l&#8217;am\u00e9lioration de la sensibilisation des membres et des familles et sur l&#8217;acc\u00e8s aux programmes existants de la GRC, sur la cr\u00e9ation de partenariats \u00e0 long terme avec la GRC et des organisations tierces poss\u00e9dant une expertise de classe mondiale en mati\u00e8re de soutien aux familles des policiers, et sur l&#8217;\u00e9largissement du mandat et de la port\u00e9e de la Fondation de bienfaisance des FNP.<\/p><p>Nous mettront bient\u00f4t \u00e0 jour cette page pour y inclure plus d&#8217;information \u00e0 l&#8217;intention des familles de la GRC sur la fa\u00e7on d&#8217;acc\u00e9der aux services existants et en \u00e9volution de la GRC et d&#8217;Anciens Combattants Canada. Cette page sera mise \u00e0 jour avec des renseignements fournis par la FPN sur la r\u00e9installation, la retraite, les avantages sociaux, le renvoi pour raisons m\u00e9dicales et l&#8217;acc\u00e8s continu \u00e0 l&#8217;Acad\u00e9mie enrichie et aux avantages offerts aux membres et aux familles de la FPN. Restez \u00e0 l&#8217;\u00e9coute pour d&#8217;autres mises \u00e0 jour.<\/p><p>Si vous avez des questions, veuillez communiquer avec les Services aux membres de la FPN au 1-833-673-8326 ou par courriel \u00e0 info@npf-fpn.com. Un courriel de mise \u00e0 jour sera envoy\u00e9 aux membres d\u00e8s que cette page aura \u00e9t\u00e9 mise \u00e0 jour avec du nouveau contenu.<\/p>","protected":false},"excerpt":{"rendered":"<p>Au fur et \u00e0 mesure que la FPN a grandi en taille et en influence, nous avons suscit\u00e9 un plus grand int\u00e9r\u00eat de la part de la GRC \u00e0 l&#8217;\u00e9gard des besoins des familles de la GRC. Il s&#8217;agit d&#8217;un [&hellip;]<\/p>\n","protected":false},"author":326,"featured_media":0,"parent":0,"menu_order":0,"comment_status":"closed","ping_status":"closed","template":"","meta":{"_acf_changed":false,"inline_featured_image":false,"footnotes":""},"class_list":["post-23781","page","type-page","status-publish","hentry"],"acf":[],"yoast_head":"<!-- This site is optimized with the Yoast SEO plugin v24.4 - https:\/\/yoast.com\/wordpress\/plugins\/seo\/ -->\n<title>Services \u00e0 la famille de la FPN - NPF-FPN<\/title>\n<meta name=\"robots\" content=\"noindex, follow, max-snippet:-1, max-image-preview:large, max-video-preview:-1\" \/>\n<meta property=\"og:locale\" content=\"fr_FR\" \/>\n<meta property=\"og:type\" content=\"article\" \/>\n<meta property=\"og:title\" content=\"Services \u00e0 la famille de la FPN - NPF-FPN\" \/>\n<meta property=\"og:description\" content=\"Au fur et \u00e0 mesure que la FPN a grandi en taille et en influence, nous avons suscit\u00e9 un plus grand int\u00e9r\u00eat de la part de la GRC \u00e0 l&#8217;\u00e9gard des besoins des familles de la GRC. Il s&#8217;agit d&#8217;un [&hellip;]\" \/>\n<meta property=\"og:url\" content=\"https:\/\/npf-website-wordpress.ind.ninja\/fr\/npf-family-services\/\" \/>\n<meta property=\"og:site_name\" content=\"NPF-FPN\" \/>\n<meta property=\"article:modified_time\" content=\"2022-11-25T18:13:51+00:00\" \/>\n<meta name=\"twitter:card\" content=\"summary_large_image\" \/>\n<meta name=\"twitter:label1\" content=\"Est. reading time\" \/>\n\t<meta name=\"twitter:data1\" content=\"2 minutes\" \/>\n<script type=\"application\/ld+json\" class=\"yoast-schema-graph\">{\"@context\":\"https:\/\/schema.org\",\"@graph\":[{\"@type\":\"WebPage\",\"@id\":\"https:\/\/npf-website-wordpress.ind.ninja\/fr\/npf-family-services\/\",\"url\":\"https:\/\/npf-website-wordpress.ind.ninja\/fr\/npf-family-services\/\",\"name\":\"Services \u00e0 la famille de la FPN - NPF-FPN\",\"isPartOf\":{\"@id\":\"https:\/\/npf-website-wordpress.ind.ninja\/#website\"},\"datePublished\":\"2022-02-09T16:29:11+00:00\",\"dateModified\":\"2022-11-25T18:13:51+00:00\",\"breadcrumb\":{\"@id\":\"https:\/\/npf-website-wordpress.ind.ninja\/fr\/npf-family-services\/#breadcrumb\"},\"inLanguage\":\"fr-FR\",\"potentialAction\":[{\"@type\":\"ReadAction\",\"target\":[\"https:\/\/npf-website-wordpress.ind.ninja\/fr\/npf-family-services\/\"]}]},{\"@type\":\"BreadcrumbList\",\"@id\":\"https:\/\/npf-website-wordpress.ind.ninja\/fr\/npf-family-services\/#breadcrumb\",\"itemListElement\":[{\"@type\":\"ListItem\",\"position\":1,\"name\":\"Home\",\"item\":\"https:\/\/npf-website-wordpress.ind.ninja\/fr\/\"},{\"@type\":\"ListItem\",\"position\":2,\"name\":\"Services \u00e0 la famille de la FPN\"}]},{\"@type\":\"WebSite\",\"@id\":\"https:\/\/npf-website-wordpress.ind.ninja\/#website\",\"url\":\"https:\/\/npf-website-wordpress.ind.ninja\/\",\"name\":\"NPF-FPN\",\"description\":\"roviding strong, fair and progressive representation to almost 20,000 RCMP members across Canada.\",\"publisher\":{\"@id\":\"https:\/\/npf-website-wordpress.ind.ninja\/#organization\"},\"potentialAction\":[{\"@type\":\"SearchAction\",\"target\":{\"@type\":\"EntryPoint\",\"urlTemplate\":\"https:\/\/npf-website-wordpress.ind.ninja\/?s={search_term_string}\"},\"query-input\":{\"@type\":\"PropertyValueSpecification\",\"valueRequired\":true,\"valueName\":\"search_term_string\"}}],\"inLanguage\":\"fr-FR\"},{\"@type\":\"Organization\",\"@id\":\"https:\/\/npf-website-wordpress.ind.ninja\/#organization\",\"name\":\"NPF-FPN\",\"url\":\"https:\/\/npf-website-wordpress.ind.ninja\/\",\"logo\":{\"@type\":\"ImageObject\",\"inLanguage\":\"fr-FR\",\"@id\":\"https:\/\/npf-website-wordpress.ind.ninja\/#\/schema\/logo\/image\/\",\"url\":\"https:\/\/npf-fpn.com\/app\/uploads\/2022\/01\/NPF.jpg\",\"contentUrl\":\"https:\/\/npf-fpn.com\/app\/uploads\/2022\/01\/NPF.jpg\",\"width\":200,\"height\":200,\"caption\":\"NPF-FPN\"},\"image\":{\"@id\":\"https:\/\/npf-website-wordpress.ind.ninja\/#\/schema\/logo\/image\/\"}}]}<\/script>\n<!-- \/ Yoast SEO plugin. -->","yoast_head_json":{"title":"Services \u00e0 la famille de la FPN - NPF-FPN","robots":{"index":"noindex","follow":"follow","max-snippet":"max-snippet:-1","max-image-preview":"max-image-preview:large","max-video-preview":"max-video-preview:-1"},"og_locale":"fr_FR","og_type":"article","og_title":"Services \u00e0 la famille de la FPN - NPF-FPN","og_description":"Au fur et \u00e0 mesure que la FPN a grandi en taille et en influence, nous avons suscit\u00e9 un plus grand int\u00e9r\u00eat de la part de la GRC \u00e0 l&#8217;\u00e9gard des besoins des familles de la GRC. Il s&#8217;agit d&#8217;un [&hellip;]","og_url":"https:\/\/npf-website-wordpress.ind.ninja\/fr\/npf-family-services\/","og_site_name":"NPF-FPN","article_modified_time":"2022-11-25T18:13:51+00:00","twitter_card":"summary_large_image","twitter_misc":{"Est. reading time":"2 minutes"},"schema":{"@context":"https:\/\/schema.org","@graph":[{"@type":"WebPage","@id":"https:\/\/npf-website-wordpress.ind.ninja\/fr\/npf-family-services\/","url":"https:\/\/npf-website-wordpress.ind.ninja\/fr\/npf-family-services\/","name":"Services \u00e0 la famille de la FPN - NPF-FPN","isPartOf":{"@id":"https:\/\/npf-website-wordpress.ind.ninja\/#website"},"datePublished":"2022-02-09T16:29:11+00:00","dateModified":"2022-11-25T18:13:51+00:00","breadcrumb":{"@id":"https:\/\/npf-website-wordpress.ind.ninja\/fr\/npf-family-services\/#breadcrumb"},"inLanguage":"fr-FR","potentialAction":[{"@type":"ReadAction","target":["https:\/\/npf-website-wordpress.ind.ninja\/fr\/npf-family-services\/"]}]},{"@type":"BreadcrumbList","@id":"https:\/\/npf-website-wordpress.ind.ninja\/fr\/npf-family-services\/#breadcrumb","itemListElement":[{"@type":"ListItem","position":1,"name":"Home","item":"https:\/\/npf-website-wordpress.ind.ninja\/fr\/"},{"@type":"ListItem","position":2,"name":"Services \u00e0 la famille de la FPN"}]},{"@type":"WebSite","@id":"https:\/\/npf-website-wordpress.ind.ninja\/#website","url":"https:\/\/npf-website-wordpress.ind.ninja\/","name":"NPF-FPN","description":"roviding strong, fair and progressive representation to almost 20,000 RCMP members across Canada.","publisher":{"@id":"https:\/\/npf-website-wordpress.ind.ninja\/#organization"},"potentialAction":[{"@type":"SearchAction","target":{"@type":"EntryPoint","urlTemplate":"https:\/\/npf-website-wordpress.ind.ninja\/?s={search_term_string}"},"query-input":{"@type":"PropertyValueSpecification","valueRequired":true,"valueName":"search_term_string"}}],"inLanguage":"fr-FR"},{"@type":"Organization","@id":"https:\/\/npf-website-wordpress.ind.ninja\/#organization","name":"NPF-FPN","url":"https:\/\/npf-website-wordpress.ind.ninja\/","logo":{"@type":"ImageObject","inLanguage":"fr-FR","@id":"https:\/\/npf-website-wordpress.ind.ninja\/#\/schema\/logo\/image\/","url":"https:\/\/npf-fpn.com\/app\/uploads\/2022\/01\/NPF.jpg","contentUrl":"https:\/\/npf-fpn.com\/app\/uploads\/2022\/01\/NPF.jpg","width":200,"height":200,"caption":"NPF-FPN"},"image":{"@id":"https:\/\/npf-website-wordpress.ind.ninja\/#\/schema\/logo\/image\/"}}]}},"_links":{"self":[{"href":"https:\/\/npf-website-wordpress.ind.ninja\/fr\/wp-json\/wp\/v2\/pages\/23781","targetHints":{"allow":["GET"]}}],"collection":[{"href":"https:\/\/npf-website-wordpress.ind.ninja\/fr\/wp-json\/wp\/v2\/pages"}],"about":[{"href":"https:\/\/npf-website-wordpress.ind.ninja\/fr\/wp-json\/wp\/v2\/types\/page"}],"author":[{"embeddable":true,"href":"https:\/\/npf-website-wordpress.ind.ninja\/fr\/wp-json\/wp\/v2\/users\/326"}],"replies":[{"embeddable":true,"href":"https:\/\/npf-website-wordpress.ind.ninja\/fr\/wp-json\/wp\/v2\/comments?post=23781"}],"version-history":[{"count":12,"href":"https:\/\/npf-website-wordpress.ind.ninja\/fr\/wp-json\/wp\/v2\/pages\/23781\/revisions"}],"predecessor-version":[{"id":27674,"href":"https:\/\/npf-website-wordpress.ind.ninja\/fr\/wp-json\/wp\/v2\/pages\/23781\/revisions\/27674"}],"wp:attachment":[{"href":"https:\/\/npf-website-wordpress.ind.ninja\/fr\/wp-json\/wp\/v2\/media?parent=23781"}],"curies":[{"name":"wp","href":"https:\/\/api.w.org\/{rel}","templated":true}]}}