{"id":22316,"date":"2021-12-22T18:23:07","date_gmt":"2021-12-22T18:23:07","guid":{"rendered":"https:\/\/npf-fpn.com\/?page_id=22316"},"modified":"2022-11-22T16:30:42","modified_gmt":"2022-11-22T16:30:42","slug":"conseil-dadministration-pat-bouchard-administrateur-region-de-latlantique","status":"publish","type":"page","link":"https:\/\/npf-website-wordpress.ind.ninja\/fr\/conseil-dadministration-pat-bouchard-administrateur-region-de-latlantique\/","title":{"rendered":"Conseil d&#8217;administration &#8211; Pat Bouchard, Administrateur, R\u00e9gion Atlantique\/Centre"},"content":{"rendered":"<div class=\"wp-block-columns is-layout-flex wp-container-core-columns-is-layout-1 wp-block-columns-is-layout-flex\"><div class=\"wp-block-column is-layout-flow wp-block-column-is-layout-flow\" style=\"flex-basis:33.33%\"><div class=\"wp-block-image\"><figure class=\"alignleft size-large\"><img decoding=\"async\" src=\"https:\/\/npf-fpn.com\/app\/uploads\/2022\/05\/Pat-Bouchard-Website.png\" alt=\"\" class=\"wp-image-26118\"\/><\/figure><\/div><\/div>\n\n<div class=\"wp-block-column is-layout-flow wp-block-column-is-layout-flow\" style=\"flex-basis:66.66%\"><p><strong>\u00c0 propos de Pat&nbsp;Bouchard<\/strong><\/p>\n\n<p>Pat s\u2019est joint \u00e0 la GRC en 2002. Avant d\u2019int\u00e9grer la GRC, il a travaill\u00e9 comme croupier, gardien de prison et agent de protection pour la Monnaie royale canadienne. Au cours de ses 18&nbsp;ann\u00e9es pass\u00e9es dans la GRC, il a \u0153uvr\u00e9 presque int\u00e9gralement (\u00e0 l\u2019exception de quelques d\u00e9tachements) au sein de la direction g\u00e9n\u00e9rale des services de police de premi\u00e8re ligne. Il a servi dans de grands d\u00e9tachements municipaux, mais aussi dans de petites villes rurales et dans des postes isol\u00e9s au-dessus du cercle polaire arctique.<\/p>\n\n<p>Engag\u00e9 dans le mouvement syndical avant de se joindre \u00e0 la GRC, Pat a toujours cru qu\u2019il existait des moyens d\u2019am\u00e9liorer les relations avec le personnel au sein de la GRC. Il a eu l\u2019avantage de se joindre \u00e0 la GRC \u00e0 une \u00e9poque o\u00f9 les salaires \u00e9taient concurrentiels. Toujours pr\u00eat \u00e0 exprimer son point de vue, il a maintes fois d\u00e9nonc\u00e9 les probl\u00e8mes le touchant ainsi que ses coll\u00e8gues membres. Au fil des ans, l\u2019ampleur et la port\u00e9e de ces probl\u00e8mes se sont accrues (diminution de la r\u00e9mun\u00e9ration, des ressources offertes, de l\u2019\u00e9quipement disponible et de la formation accessible ainsi que l\u2019application incoh\u00e9rente de la politique et l\u2019absence de celle-ci). En 2014, Pat est frapp\u00e9 par la trag\u00e9die, ayant \u00e9t\u00e9 en premi\u00e8re ligne lors de la fusillade de Moncton. C\u2019est la goutte d\u2019eau qui a fait d\u00e9border le vase pour lui. Il \u00e9tait clair qu\u2019un changement s\u2019imposait, et ce dernier ne se ferait pas au sein m\u00eame de la GRC. Pat \u00e9tait donc ravi lorsqu\u2019on lui a offert la possibilit\u00e9 de se joindre \u00e0 la FPN afin aider la GRC \u00e0 devenir une meilleure version d\u2019elle-m\u00eame.<\/p><\/div><\/div><figure class=\"wp-block-embed aligncenter is-type-video is-provider-youtube wp-block-embed-youtube wp-embed-aspect-16-9 wp-has-aspect-ratio\"><div class=\"wp-block-embed__wrapper\">\n<iframe loading=\"lazy\" title=\"Pat Bouchard - Administrateur de la FPN de la r\u00e9gion Atlantique\" width=\"500\" height=\"281\" src=\"https:\/\/www.youtube.com\/embed\/GqAa4wNhVdY?feature=oembed\" frameborder=\"0\" allow=\"accelerometer; autoplay; clipboard-write; encrypted-media; gyroscope; picture-in-picture; web-share\" referrerpolicy=\"strict-origin-when-cross-origin\" allowfullscreen><\/iframe>\n<\/div><\/figure><p><strong>Principales r\u00e9alisations&nbsp;:<\/strong><\/p><ul class=\"wp-block-list\"><li>Pat&nbsp;Bouchard a \u00e9t\u00e9 membre des services de premi\u00e8re ligne de la Gendarmerie royale du Canada (GRC) au sein du d\u00e9tachement r\u00e9gional de la GRC de Codiac et de Bathurst, chef d\u2019\u00e9quipe \u00e0 Taloyoak et \u00e0 Iqaluit, au Nunavut, et enfin, sous-officier des op\u00e9rations \u00e0 Blackville, au Nouveau-Brunswick.<\/li><li>Au cours du proc\u00e8s de la GRC sur le Code du travail \u00e0 Moncton, Pat s\u2019est exprim\u00e9 avec force sur les probl\u00e8mes auxquels \u00e9taient confront\u00e9s les membres et a parl\u00e9 aux m\u00e9dias en faveur de ces derniers. Une situation qui le touchait personnellement, ayant v\u00e9cu la fusillade de la GRC \u00e0 Moncton en juin&nbsp;2014.<\/li><li>Avant d\u2019\u00eatre \u00e9lu, Pat a toujours eu un profond d\u00e9sir d\u2019aider les membres \u00e0 obtenir de meilleures conditions de travail. Il est toujours dispos\u00e9 \u00e0 aider l\u2019ensemble des membres de la Division \u00e0 r\u00e9gler toutes sortes de probl\u00e8mes li\u00e9s aux relations de travail, et il poss\u00e8de les comp\u00e9tences n\u00e9cessaires pour le faire.<\/li><li>Pat est copr\u00e9sident du Comit\u00e9 de sant\u00e9 et de s\u00e9curit\u00e9 de la Division \u00e0 titre de repr\u00e9sentant \u00e9lu des employ\u00e9s. Son r\u00f4le consiste \u00e0 faire valoir les pr\u00e9occupations des membres au sujet des infractions au Code canadien du travail et de la s\u00e9curit\u00e9 en milieu de travail en g\u00e9n\u00e9ral.<\/li><li>Il est aussi membre du Comit\u00e9 national d\u2019orientation en mati\u00e8re de sant\u00e9 et de s\u00e9curit\u00e9 en tant que repr\u00e9sentant \u00e9lu des employ\u00e9s; ses fonctions consistent \u00e0 faire progresser la cause des membres quant aux pr\u00e9occupations relatives aux infractions au Code canadien du travail et de la s\u00e9curit\u00e9 au travail dans son ensemble<\/li><li>Il s\u2019est joint \u00e0 la F\u00e9d\u00e9ration de la police nationale (FPN) en avril&nbsp;2017 apr\u00e8s avoir si\u00e9g\u00e9 au conseil d\u2019administration d\u2019une autre association. Apr\u00e8s l\u2019accr\u00e9ditation de la FPN en juillet&nbsp;2019, Pat a \u00e9t\u00e9 \u00e9lu \u00e0 titre d\u2019administrateur pour la r\u00e9gion de l\u2019Atlantique en novembre&nbsp;2019.<\/li><li>Pat parle couramment l\u2019anglais et le fran\u00e7ais.<\/li><li>Au sein de la FPN, il fait partie de l\u2019\u00e9quipe de n\u00e9gociation collective, participant ainsi aux n\u00e9gociations de la toute premi\u00e8re convention collective pour les membres de la GRC.<\/li><li>Il est \u00e9galement membre du Comit\u00e9 des services aux membres de la FPN.<\/li><\/ul>","protected":false},"excerpt":{"rendered":"<p>\u00c0 propos de Pat&nbsp;Bouchard Pat s\u2019est joint \u00e0 la GRC en 2002. Avant d\u2019int\u00e9grer la GRC, il a travaill\u00e9 comme croupier, gardien de prison et agent de protection pour la Monnaie royale canadienne. Au cours de ses 18&nbsp;ann\u00e9es pass\u00e9es dans [&hellip;]<\/p>\n","protected":false},"author":326,"featured_media":0,"parent":0,"menu_order":0,"comment_status":"closed","ping_status":"closed","template":"","meta":{"_acf_changed":false,"inline_featured_image":false,"footnotes":""},"class_list":["post-22316","page","type-page","status-publish","hentry"],"acf":[],"yoast_head":"<!-- This site is optimized with the Yoast SEO plugin v24.4 - https:\/\/yoast.com\/wordpress\/plugins\/seo\/ -->\n<title>Conseil d&#039;administration - Pat Bouchard, Administrateur, R\u00e9gion Atlantique\/Centre - NPF-FPN<\/title>\n<meta name=\"robots\" content=\"noindex, follow, max-snippet:-1, max-image-preview:large, max-video-preview:-1\" \/>\n<meta property=\"og:locale\" content=\"fr_FR\" \/>\n<meta property=\"og:type\" content=\"article\" \/>\n<meta property=\"og:title\" content=\"Conseil d&#039;administration - Pat Bouchard, Administrateur, R\u00e9gion Atlantique\/Centre - NPF-FPN\" \/>\n<meta property=\"og:description\" content=\"\u00c0 propos de Pat&nbsp;Bouchard Pat s\u2019est joint \u00e0 la GRC en 2002. Avant d\u2019int\u00e9grer la GRC, il a travaill\u00e9 comme croupier, gardien de prison et agent de protection pour la Monnaie royale canadienne. Au cours de ses 18&nbsp;ann\u00e9es pass\u00e9es dans [&hellip;]\" \/>\n<meta property=\"og:url\" content=\"https:\/\/npf-website-wordpress.ind.ninja\/fr\/conseil-dadministration-pat-bouchard-administrateur-region-de-latlantique\/\" \/>\n<meta property=\"og:site_name\" content=\"NPF-FPN\" \/>\n<meta property=\"article:modified_time\" content=\"2022-11-22T16:30:42+00:00\" \/>\n<meta property=\"og:image\" content=\"https:\/\/npf-fpn.com\/app\/uploads\/2022\/05\/Pat-Bouchard-Website.png\" \/>\n<meta name=\"twitter:card\" content=\"summary_large_image\" \/>\n<meta name=\"twitter:label1\" content=\"Est. reading time\" \/>\n\t<meta name=\"twitter:data1\" content=\"3 minutes\" \/>\n<script type=\"application\/ld+json\" class=\"yoast-schema-graph\">{\"@context\":\"https:\/\/schema.org\",\"@graph\":[{\"@type\":\"WebPage\",\"@id\":\"https:\/\/npf-website-wordpress.ind.ninja\/fr\/conseil-dadministration-pat-bouchard-administrateur-region-de-latlantique\/\",\"url\":\"https:\/\/npf-website-wordpress.ind.ninja\/fr\/conseil-dadministration-pat-bouchard-administrateur-region-de-latlantique\/\",\"name\":\"Conseil d'administration - Pat Bouchard, Administrateur, R\u00e9gion Atlantique\/Centre - NPF-FPN\",\"isPartOf\":{\"@id\":\"https:\/\/npf-website-wordpress.ind.ninja\/#website\"},\"primaryImageOfPage\":{\"@id\":\"https:\/\/npf-website-wordpress.ind.ninja\/fr\/conseil-dadministration-pat-bouchard-administrateur-region-de-latlantique\/#primaryimage\"},\"image\":{\"@id\":\"https:\/\/npf-website-wordpress.ind.ninja\/fr\/conseil-dadministration-pat-bouchard-administrateur-region-de-latlantique\/#primaryimage\"},\"thumbnailUrl\":\"https:\/\/npf-fpn.com\/app\/uploads\/2022\/05\/Pat-Bouchard-Website.png\",\"datePublished\":\"2021-12-22T18:23:07+00:00\",\"dateModified\":\"2022-11-22T16:30:42+00:00\",\"breadcrumb\":{\"@id\":\"https:\/\/npf-website-wordpress.ind.ninja\/fr\/conseil-dadministration-pat-bouchard-administrateur-region-de-latlantique\/#breadcrumb\"},\"inLanguage\":\"fr-FR\",\"potentialAction\":[{\"@type\":\"ReadAction\",\"target\":[\"https:\/\/npf-website-wordpress.ind.ninja\/fr\/conseil-dadministration-pat-bouchard-administrateur-region-de-latlantique\/\"]}]},{\"@type\":\"ImageObject\",\"inLanguage\":\"fr-FR\",\"@id\":\"https:\/\/npf-website-wordpress.ind.ninja\/fr\/conseil-dadministration-pat-bouchard-administrateur-region-de-latlantique\/#primaryimage\",\"url\":\"https:\/\/npf-fpn.com\/app\/uploads\/2022\/05\/Pat-Bouchard-Website.png\",\"contentUrl\":\"https:\/\/npf-fpn.com\/app\/uploads\/2022\/05\/Pat-Bouchard-Website.png\"},{\"@type\":\"BreadcrumbList\",\"@id\":\"https:\/\/npf-website-wordpress.ind.ninja\/fr\/conseil-dadministration-pat-bouchard-administrateur-region-de-latlantique\/#breadcrumb\",\"itemListElement\":[{\"@type\":\"ListItem\",\"position\":1,\"name\":\"Home\",\"item\":\"https:\/\/npf-website-wordpress.ind.ninja\/fr\/\"},{\"@type\":\"ListItem\",\"position\":2,\"name\":\"Conseil d&#8217;administration &#8211; Pat Bouchard, Administrateur, R\u00e9gion Atlantique\/Centre\"}]},{\"@type\":\"WebSite\",\"@id\":\"https:\/\/npf-website-wordpress.ind.ninja\/#website\",\"url\":\"https:\/\/npf-website-wordpress.ind.ninja\/\",\"name\":\"NPF-FPN\",\"description\":\"roviding strong, fair and progressive representation to almost 20,000 RCMP members across Canada.\",\"publisher\":{\"@id\":\"https:\/\/npf-website-wordpress.ind.ninja\/#organization\"},\"potentialAction\":[{\"@type\":\"SearchAction\",\"target\":{\"@type\":\"EntryPoint\",\"urlTemplate\":\"https:\/\/npf-website-wordpress.ind.ninja\/?s={search_term_string}\"},\"query-input\":{\"@type\":\"PropertyValueSpecification\",\"valueRequired\":true,\"valueName\":\"search_term_string\"}}],\"inLanguage\":\"fr-FR\"},{\"@type\":\"Organization\",\"@id\":\"https:\/\/npf-website-wordpress.ind.ninja\/#organization\",\"name\":\"NPF-FPN\",\"url\":\"https:\/\/npf-website-wordpress.ind.ninja\/\",\"logo\":{\"@type\":\"ImageObject\",\"inLanguage\":\"fr-FR\",\"@id\":\"https:\/\/npf-website-wordpress.ind.ninja\/#\/schema\/logo\/image\/\",\"url\":\"https:\/\/npf-fpn.com\/app\/uploads\/2022\/01\/NPF.jpg\",\"contentUrl\":\"https:\/\/npf-fpn.com\/app\/uploads\/2022\/01\/NPF.jpg\",\"width\":200,\"height\":200,\"caption\":\"NPF-FPN\"},\"image\":{\"@id\":\"https:\/\/npf-website-wordpress.ind.ninja\/#\/schema\/logo\/image\/\"}}]}<\/script>\n<!-- \/ Yoast SEO plugin. -->","yoast_head_json":{"title":"Conseil d'administration - Pat Bouchard, Administrateur, R\u00e9gion Atlantique\/Centre - NPF-FPN","robots":{"index":"noindex","follow":"follow","max-snippet":"max-snippet:-1","max-image-preview":"max-image-preview:large","max-video-preview":"max-video-preview:-1"},"og_locale":"fr_FR","og_type":"article","og_title":"Conseil d'administration - Pat Bouchard, Administrateur, R\u00e9gion Atlantique\/Centre - NPF-FPN","og_description":"\u00c0 propos de Pat&nbsp;Bouchard Pat s\u2019est joint \u00e0 la GRC en 2002. Avant d\u2019int\u00e9grer la GRC, il a travaill\u00e9 comme croupier, gardien de prison et agent de protection pour la Monnaie royale canadienne. Au cours de ses 18&nbsp;ann\u00e9es pass\u00e9es dans [&hellip;]","og_url":"https:\/\/npf-website-wordpress.ind.ninja\/fr\/conseil-dadministration-pat-bouchard-administrateur-region-de-latlantique\/","og_site_name":"NPF-FPN","article_modified_time":"2022-11-22T16:30:42+00:00","og_image":[{"url":"https:\/\/npf-fpn.com\/app\/uploads\/2022\/05\/Pat-Bouchard-Website.png","type":"","width":"","height":""}],"twitter_card":"summary_large_image","twitter_misc":{"Est. reading time":"3 minutes"},"schema":{"@context":"https:\/\/schema.org","@graph":[{"@type":"WebPage","@id":"https:\/\/npf-website-wordpress.ind.ninja\/fr\/conseil-dadministration-pat-bouchard-administrateur-region-de-latlantique\/","url":"https:\/\/npf-website-wordpress.ind.ninja\/fr\/conseil-dadministration-pat-bouchard-administrateur-region-de-latlantique\/","name":"Conseil d'administration - Pat Bouchard, Administrateur, R\u00e9gion Atlantique\/Centre - NPF-FPN","isPartOf":{"@id":"https:\/\/npf-website-wordpress.ind.ninja\/#website"},"primaryImageOfPage":{"@id":"https:\/\/npf-website-wordpress.ind.ninja\/fr\/conseil-dadministration-pat-bouchard-administrateur-region-de-latlantique\/#primaryimage"},"image":{"@id":"https:\/\/npf-website-wordpress.ind.ninja\/fr\/conseil-dadministration-pat-bouchard-administrateur-region-de-latlantique\/#primaryimage"},"thumbnailUrl":"https:\/\/npf-fpn.com\/app\/uploads\/2022\/05\/Pat-Bouchard-Website.png","datePublished":"2021-12-22T18:23:07+00:00","dateModified":"2022-11-22T16:30:42+00:00","breadcrumb":{"@id":"https:\/\/npf-website-wordpress.ind.ninja\/fr\/conseil-dadministration-pat-bouchard-administrateur-region-de-latlantique\/#breadcrumb"},"inLanguage":"fr-FR","potentialAction":[{"@type":"ReadAction","target":["https:\/\/npf-website-wordpress.ind.ninja\/fr\/conseil-dadministration-pat-bouchard-administrateur-region-de-latlantique\/"]}]},{"@type":"ImageObject","inLanguage":"fr-FR","@id":"https:\/\/npf-website-wordpress.ind.ninja\/fr\/conseil-dadministration-pat-bouchard-administrateur-region-de-latlantique\/#primaryimage","url":"https:\/\/npf-fpn.com\/app\/uploads\/2022\/05\/Pat-Bouchard-Website.png","contentUrl":"https:\/\/npf-fpn.com\/app\/uploads\/2022\/05\/Pat-Bouchard-Website.png"},{"@type":"BreadcrumbList","@id":"https:\/\/npf-website-wordpress.ind.ninja\/fr\/conseil-dadministration-pat-bouchard-administrateur-region-de-latlantique\/#breadcrumb","itemListElement":[{"@type":"ListItem","position":1,"name":"Home","item":"https:\/\/npf-website-wordpress.ind.ninja\/fr\/"},{"@type":"ListItem","position":2,"name":"Conseil d&#8217;administration &#8211; Pat Bouchard, Administrateur, R\u00e9gion Atlantique\/Centre"}]},{"@type":"WebSite","@id":"https:\/\/npf-website-wordpress.ind.ninja\/#website","url":"https:\/\/npf-website-wordpress.ind.ninja\/","name":"NPF-FPN","description":"roviding strong, fair and progressive representation to almost 20,000 RCMP members across Canada.","publisher":{"@id":"https:\/\/npf-website-wordpress.ind.ninja\/#organization"},"potentialAction":[{"@type":"SearchAction","target":{"@type":"EntryPoint","urlTemplate":"https:\/\/npf-website-wordpress.ind.ninja\/?s={search_term_string}"},"query-input":{"@type":"PropertyValueSpecification","valueRequired":true,"valueName":"search_term_string"}}],"inLanguage":"fr-FR"},{"@type":"Organization","@id":"https:\/\/npf-website-wordpress.ind.ninja\/#organization","name":"NPF-FPN","url":"https:\/\/npf-website-wordpress.ind.ninja\/","logo":{"@type":"ImageObject","inLanguage":"fr-FR","@id":"https:\/\/npf-website-wordpress.ind.ninja\/#\/schema\/logo\/image\/","url":"https:\/\/npf-fpn.com\/app\/uploads\/2022\/01\/NPF.jpg","contentUrl":"https:\/\/npf-fpn.com\/app\/uploads\/2022\/01\/NPF.jpg","width":200,"height":200,"caption":"NPF-FPN"},"image":{"@id":"https:\/\/npf-website-wordpress.ind.ninja\/#\/schema\/logo\/image\/"}}]}},"_links":{"self":[{"href":"https:\/\/npf-website-wordpress.ind.ninja\/fr\/wp-json\/wp\/v2\/pages\/22316","targetHints":{"allow":["GET"]}}],"collection":[{"href":"https:\/\/npf-website-wordpress.ind.ninja\/fr\/wp-json\/wp\/v2\/pages"}],"about":[{"href":"https:\/\/npf-website-wordpress.ind.ninja\/fr\/wp-json\/wp\/v2\/types\/page"}],"author":[{"embeddable":true,"href":"https:\/\/npf-website-wordpress.ind.ninja\/fr\/wp-json\/wp\/v2\/users\/326"}],"replies":[{"embeddable":true,"href":"https:\/\/npf-website-wordpress.ind.ninja\/fr\/wp-json\/wp\/v2\/comments?post=22316"}],"version-history":[{"count":2,"href":"https:\/\/npf-website-wordpress.ind.ninja\/fr\/wp-json\/wp\/v2\/pages\/22316\/revisions"}],"predecessor-version":[{"id":27458,"href":"https:\/\/npf-website-wordpress.ind.ninja\/fr\/wp-json\/wp\/v2\/pages\/22316\/revisions\/27458"}],"wp:attachment":[{"href":"https:\/\/npf-website-wordpress.ind.ninja\/fr\/wp-json\/wp\/v2\/media?parent=22316"}],"curies":[{"name":"wp","href":"https:\/\/api.w.org\/{rel}","templated":true}]}}