{"id":22299,"date":"2021-12-22T18:20:32","date_gmt":"2021-12-22T18:20:32","guid":{"rendered":"https:\/\/npf-fpn.com\/?page_id=22299"},"modified":"2022-11-22T16:34:17","modified_gmt":"2022-11-22T16:34:17","slug":"conseil-dadministration-stephane-laframboise-administrateur-region-du-centre","status":"publish","type":"page","link":"https:\/\/npf-website-wordpress.ind.ninja\/fr\/conseil-dadministration-stephane-laframboise-administrateur-region-du-centre\/","title":{"rendered":"Conseil d&#8217;administration &#8211; St\u00e9phane Laframboise, Administrateur, R\u00e9gion Atlantique\/Centre"},"content":{"rendered":"<div class=\"wp-block-columns is-layout-flex wp-container-core-columns-is-layout-1 wp-block-columns-is-layout-flex\"><div class=\"wp-block-column is-layout-flow wp-block-column-is-layout-flow\" style=\"flex-basis:33.33%\"><div class=\"wp-block-image\"><figure class=\"alignleft size-large\"><img decoding=\"async\" src=\"https:\/\/npf-fpn.com\/app\/uploads\/2022\/05\/Stephane-Laframboise-Website.png\" alt=\"\" class=\"wp-image-26136\"\/><\/figure><\/div><\/div>\n\n<div class=\"wp-block-column is-layout-flow wp-block-column-is-layout-flow\" style=\"flex-basis:66.66%\"><p><strong>\u00c0 propos de St\u00e9phane&nbsp;Laframboise<\/strong><\/p>\n\n<p>St\u00e9phane s\u2019est joint \u00e0 la GRC en 1990. Tout au long de sa carri\u00e8re, St\u00e9phane a assum\u00e9 une vaste gamme de responsabilit\u00e9s relatives au maintien de l\u2019ordre au sein de la GRC, y compris les services de police contractuels et f\u00e9d\u00e9raux. Au cours des 15&nbsp;derni\u00e8res ann\u00e9es, St\u00e9phane a \u0153uvr\u00e9 dans le domaine des relations de travail, venant ainsi en aide aux membres de la GRC au Qu\u00e9bec ainsi qu\u2019\u00e0 de nombreux membres francophones partout au pays. En 2004, lorsqu\u2019il a \u00e9t\u00e9 affect\u00e9 \u00e0 Montr\u00e9al, St\u00e9phane a souhait\u00e9 am\u00e9liorer le climat de travail qui pr\u00e9valait \u00e0 l\u2019\u00e9poque. Il a ainsi d\u00e9cid\u00e9 de se joindre au PRRF. En 2013, St\u00e9phane a voulu profiter de l\u2019occasion pour moderniser et am\u00e9liorer l\u2019efficacit\u00e9 du PRRF, si ce dernier demeurait une option pour les membres \u00e0 la suite de la d\u00e9cision de la Cour supr\u00eame du Canada. Il a ainsi pr\u00e9sent\u00e9 une r\u00e9solution au nom des membres de la GRC, commun\u00e9ment appel\u00e9e \u00ab&nbsp;Une vision du changement&nbsp;\u00bb, adopt\u00e9e par un vote \u00e0 la majorit\u00e9 lors de la rencontre nationale des repr\u00e9sentants des relations fonctionnelles. En outre, St\u00e9phane veille toujours \u00e0 s\u2019assurer que tous les membres sont trait\u00e9s \u00e9quitablement. En tant qu\u2019administrateur, il continue de fournir des conseils, du soutien et de l\u2019aide aux membres de la GRC, en plus d\u2019axer ses efforts sur les n\u00e9gociations en cours de la premi\u00e8re convention collective de la GRC.<\/p><\/div><\/div><figure class=\"wp-block-embed aligncenter is-type-video is-provider-youtube wp-block-embed-youtube wp-embed-aspect-16-9 wp-has-aspect-ratio\"><div class=\"wp-block-embed__wrapper\">\n<iframe loading=\"lazy\" title=\"St\u00e9phane Laframboise - Administrateur de la r\u00e9gion du centre de la FPN\" width=\"500\" height=\"281\" src=\"https:\/\/www.youtube.com\/embed\/L3vgp7NdlDU?feature=oembed\" frameborder=\"0\" allow=\"accelerometer; autoplay; clipboard-write; encrypted-media; gyroscope; picture-in-picture; web-share\" referrerpolicy=\"strict-origin-when-cross-origin\" allowfullscreen><\/iframe>\n<\/div><\/figure><p><strong>Principales r\u00e9alisations&nbsp;:<\/strong><\/p><ul class=\"wp-block-list\"><li>St\u00e9phane&nbsp;Laframboise a \u00e9t\u00e9 membre de la Gendarmerie royale du Canada (GRC) dans les d\u00e9tachements d\u2019Oshawa et de l\u2019a\u00e9roport Lester&nbsp;B.&nbsp;Pearson de Toronto, en Ontario.<\/li><li>Il a en outre \u00e9t\u00e9 s\u00e9lectionn\u00e9 pour faire partie d\u2019un programme d\u2019\u00e9change de policiers. Il a travaill\u00e9 en partenariat en 1994 avec la Police provinciale de l\u2019Ontario au d\u00e9tachement de&nbsp;Port Credit \u00e0 Toronto, en Ontario.<\/li><li>St\u00e9phane a \u00e9galement \u00e9t\u00e9 membre de la GRC dans les d\u00e9tachements de St\u2011Quentin et d\u2019Irishtown au Nouveau\u2011Brunswick. Il a ainsi effectu\u00e9 des t\u00e2ches g\u00e9n\u00e9rales, des patrouilles routi\u00e8res et des enqu\u00eates sur les collisions routi\u00e8res majeures.<\/li><li>Par ailleurs, il a \u00e9t\u00e9 reconnu comme expert judiciaire en tant que sp\u00e9cialiste de la reconstitution des collisions de la route au Nouveau\u2011Brunswick.<\/li><li>Il a aussi \u00e9t\u00e9 agent de la s\u00fbret\u00e9 a\u00e9rienne \u00e0 Montr\u00e9al, au Qu\u00e9bec.<\/li><li>Il a \u00e9t\u00e9 \u00e9lu \u00e0 titre de sous-repr\u00e9sentant des relations fonctionnelles dans le cadre du Programme canadien de protection des transporteurs a\u00e9riens \u00e0 Montr\u00e9al, de 2005 \u00e0 2011.<\/li><li>St\u00e9phane a aussi \u00e9t\u00e9 repr\u00e9sentant des relations fonctionnelles \u00e9lu pour la province de Qu\u00e9bec de 2011 \u00e0 2016.<\/li><li>Dans le cadre de ses fonctions de repr\u00e9sentant des relations fonctionnelles \u00e0 l\u2019\u00e9chelle nationale, il a si\u00e9g\u00e9 au Comit\u00e9 de formation et au Comit\u00e9 des directives sur les postes isol\u00e9s et les logements de l\u2019\u00c9tat (droit en cas de r\u00e9installation et de d\u00e9placement).<\/li><li>En 2013, il a pr\u00e9sent\u00e9 une r\u00e9solution visant \u00e0 moderniser et \u00e0 am\u00e9liorer l\u2019efficacit\u00e9 du Programme de repr\u00e9sentants des relations fonctionnelles (PRRF) au nom des membres de la GRC lors de la rencontre nationale des repr\u00e9sentants des relations fonctionnelles.<\/li><li>Il a aussi \u00e9t\u00e9 membre de l\u2019Association des membres de la police mont\u00e9e du Qu\u00e9bec pendant 20&nbsp;ans, de 1995 \u00e0 2015.<\/li><li>De plus, il a \u00e9t\u00e9 \u00e9lu \u00e0 titre de conseiller aux membres dans le milieu de travail pour la province de Qu\u00e9bec de 2016 \u00e0 2019.<\/li><li>Il a \u00e9t\u00e9 membre int\u00e9rimaire du conseil d\u2019administration de la F\u00e9d\u00e9ration de la police nationale (FPN) de 2016 \u00e0 2019.<\/li><li>Enfin, il a \u00e9t\u00e9 \u00e9lu administrateur, r\u00e9gion du Centre (Qu\u00e9bec), de la FPN en novembre&nbsp;2019.<\/li><\/ul>","protected":false},"excerpt":{"rendered":"<p>\u00c0 propos de St\u00e9phane&nbsp;Laframboise St\u00e9phane s\u2019est joint \u00e0 la GRC en 1990. Tout au long de sa carri\u00e8re, St\u00e9phane a assum\u00e9 une vaste gamme de responsabilit\u00e9s relatives au maintien de l\u2019ordre au sein de la GRC, y compris les services [&hellip;]<\/p>\n","protected":false},"author":326,"featured_media":0,"parent":0,"menu_order":0,"comment_status":"closed","ping_status":"closed","template":"","meta":{"_acf_changed":false,"inline_featured_image":false,"footnotes":""},"class_list":["post-22299","page","type-page","status-publish","hentry"],"acf":[],"yoast_head":"<!-- This site is optimized with the Yoast SEO plugin v24.4 - https:\/\/yoast.com\/wordpress\/plugins\/seo\/ -->\n<title>Conseil d&#039;administration - St\u00e9phane Laframboise, Administrateur, R\u00e9gion Atlantique\/Centre - NPF-FPN<\/title>\n<meta name=\"robots\" content=\"noindex, follow, max-snippet:-1, max-image-preview:large, max-video-preview:-1\" \/>\n<meta property=\"og:locale\" content=\"fr_FR\" \/>\n<meta property=\"og:type\" content=\"article\" \/>\n<meta property=\"og:title\" content=\"Conseil d&#039;administration - St\u00e9phane Laframboise, Administrateur, R\u00e9gion Atlantique\/Centre - NPF-FPN\" \/>\n<meta property=\"og:description\" content=\"\u00c0 propos de St\u00e9phane&nbsp;Laframboise St\u00e9phane s\u2019est joint \u00e0 la GRC en 1990. Tout au long de sa carri\u00e8re, St\u00e9phane a assum\u00e9 une vaste gamme de responsabilit\u00e9s relatives au maintien de l\u2019ordre au sein de la GRC, y compris les services [&hellip;]\" \/>\n<meta property=\"og:url\" content=\"https:\/\/npf-website-wordpress.ind.ninja\/fr\/conseil-dadministration-stephane-laframboise-administrateur-region-du-centre\/\" \/>\n<meta property=\"og:site_name\" content=\"NPF-FPN\" \/>\n<meta property=\"article:modified_time\" content=\"2022-11-22T16:34:17+00:00\" \/>\n<meta property=\"og:image\" content=\"https:\/\/npf-fpn.com\/app\/uploads\/2022\/05\/Stephane-Laframboise-Website.png\" \/>\n<meta name=\"twitter:card\" content=\"summary_large_image\" \/>\n<meta name=\"twitter:label1\" content=\"Est. reading time\" \/>\n\t<meta name=\"twitter:data1\" content=\"3 minutes\" \/>\n<script type=\"application\/ld+json\" class=\"yoast-schema-graph\">{\"@context\":\"https:\/\/schema.org\",\"@graph\":[{\"@type\":\"WebPage\",\"@id\":\"https:\/\/npf-website-wordpress.ind.ninja\/fr\/conseil-dadministration-stephane-laframboise-administrateur-region-du-centre\/\",\"url\":\"https:\/\/npf-website-wordpress.ind.ninja\/fr\/conseil-dadministration-stephane-laframboise-administrateur-region-du-centre\/\",\"name\":\"Conseil d'administration - St\u00e9phane Laframboise, Administrateur, R\u00e9gion Atlantique\/Centre - NPF-FPN\",\"isPartOf\":{\"@id\":\"https:\/\/npf-website-wordpress.ind.ninja\/#website\"},\"primaryImageOfPage\":{\"@id\":\"https:\/\/npf-website-wordpress.ind.ninja\/fr\/conseil-dadministration-stephane-laframboise-administrateur-region-du-centre\/#primaryimage\"},\"image\":{\"@id\":\"https:\/\/npf-website-wordpress.ind.ninja\/fr\/conseil-dadministration-stephane-laframboise-administrateur-region-du-centre\/#primaryimage\"},\"thumbnailUrl\":\"https:\/\/npf-fpn.com\/app\/uploads\/2022\/05\/Stephane-Laframboise-Website.png\",\"datePublished\":\"2021-12-22T18:20:32+00:00\",\"dateModified\":\"2022-11-22T16:34:17+00:00\",\"breadcrumb\":{\"@id\":\"https:\/\/npf-website-wordpress.ind.ninja\/fr\/conseil-dadministration-stephane-laframboise-administrateur-region-du-centre\/#breadcrumb\"},\"inLanguage\":\"fr-FR\",\"potentialAction\":[{\"@type\":\"ReadAction\",\"target\":[\"https:\/\/npf-website-wordpress.ind.ninja\/fr\/conseil-dadministration-stephane-laframboise-administrateur-region-du-centre\/\"]}]},{\"@type\":\"ImageObject\",\"inLanguage\":\"fr-FR\",\"@id\":\"https:\/\/npf-website-wordpress.ind.ninja\/fr\/conseil-dadministration-stephane-laframboise-administrateur-region-du-centre\/#primaryimage\",\"url\":\"https:\/\/npf-fpn.com\/app\/uploads\/2022\/05\/Stephane-Laframboise-Website.png\",\"contentUrl\":\"https:\/\/npf-fpn.com\/app\/uploads\/2022\/05\/Stephane-Laframboise-Website.png\"},{\"@type\":\"BreadcrumbList\",\"@id\":\"https:\/\/npf-website-wordpress.ind.ninja\/fr\/conseil-dadministration-stephane-laframboise-administrateur-region-du-centre\/#breadcrumb\",\"itemListElement\":[{\"@type\":\"ListItem\",\"position\":1,\"name\":\"Home\",\"item\":\"https:\/\/npf-website-wordpress.ind.ninja\/fr\/\"},{\"@type\":\"ListItem\",\"position\":2,\"name\":\"Conseil d&#8217;administration &#8211; St\u00e9phane Laframboise, Administrateur, R\u00e9gion Atlantique\/Centre\"}]},{\"@type\":\"WebSite\",\"@id\":\"https:\/\/npf-website-wordpress.ind.ninja\/#website\",\"url\":\"https:\/\/npf-website-wordpress.ind.ninja\/\",\"name\":\"NPF-FPN\",\"description\":\"roviding strong, fair and progressive representation to almost 20,000 RCMP members across Canada.\",\"publisher\":{\"@id\":\"https:\/\/npf-website-wordpress.ind.ninja\/#organization\"},\"potentialAction\":[{\"@type\":\"SearchAction\",\"target\":{\"@type\":\"EntryPoint\",\"urlTemplate\":\"https:\/\/npf-website-wordpress.ind.ninja\/?s={search_term_string}\"},\"query-input\":{\"@type\":\"PropertyValueSpecification\",\"valueRequired\":true,\"valueName\":\"search_term_string\"}}],\"inLanguage\":\"fr-FR\"},{\"@type\":\"Organization\",\"@id\":\"https:\/\/npf-website-wordpress.ind.ninja\/#organization\",\"name\":\"NPF-FPN\",\"url\":\"https:\/\/npf-website-wordpress.ind.ninja\/\",\"logo\":{\"@type\":\"ImageObject\",\"inLanguage\":\"fr-FR\",\"@id\":\"https:\/\/npf-website-wordpress.ind.ninja\/#\/schema\/logo\/image\/\",\"url\":\"https:\/\/npf-fpn.com\/app\/uploads\/2022\/01\/NPF.jpg\",\"contentUrl\":\"https:\/\/npf-fpn.com\/app\/uploads\/2022\/01\/NPF.jpg\",\"width\":200,\"height\":200,\"caption\":\"NPF-FPN\"},\"image\":{\"@id\":\"https:\/\/npf-website-wordpress.ind.ninja\/#\/schema\/logo\/image\/\"}}]}<\/script>\n<!-- \/ Yoast SEO plugin. -->","yoast_head_json":{"title":"Conseil d'administration - St\u00e9phane Laframboise, Administrateur, R\u00e9gion Atlantique\/Centre - NPF-FPN","robots":{"index":"noindex","follow":"follow","max-snippet":"max-snippet:-1","max-image-preview":"max-image-preview:large","max-video-preview":"max-video-preview:-1"},"og_locale":"fr_FR","og_type":"article","og_title":"Conseil d'administration - St\u00e9phane Laframboise, Administrateur, R\u00e9gion Atlantique\/Centre - NPF-FPN","og_description":"\u00c0 propos de St\u00e9phane&nbsp;Laframboise St\u00e9phane s\u2019est joint \u00e0 la GRC en 1990. Tout au long de sa carri\u00e8re, St\u00e9phane a assum\u00e9 une vaste gamme de responsabilit\u00e9s relatives au maintien de l\u2019ordre au sein de la GRC, y compris les services [&hellip;]","og_url":"https:\/\/npf-website-wordpress.ind.ninja\/fr\/conseil-dadministration-stephane-laframboise-administrateur-region-du-centre\/","og_site_name":"NPF-FPN","article_modified_time":"2022-11-22T16:34:17+00:00","og_image":[{"url":"https:\/\/npf-fpn.com\/app\/uploads\/2022\/05\/Stephane-Laframboise-Website.png","type":"","width":"","height":""}],"twitter_card":"summary_large_image","twitter_misc":{"Est. reading time":"3 minutes"},"schema":{"@context":"https:\/\/schema.org","@graph":[{"@type":"WebPage","@id":"https:\/\/npf-website-wordpress.ind.ninja\/fr\/conseil-dadministration-stephane-laframboise-administrateur-region-du-centre\/","url":"https:\/\/npf-website-wordpress.ind.ninja\/fr\/conseil-dadministration-stephane-laframboise-administrateur-region-du-centre\/","name":"Conseil d'administration - St\u00e9phane Laframboise, Administrateur, R\u00e9gion Atlantique\/Centre - NPF-FPN","isPartOf":{"@id":"https:\/\/npf-website-wordpress.ind.ninja\/#website"},"primaryImageOfPage":{"@id":"https:\/\/npf-website-wordpress.ind.ninja\/fr\/conseil-dadministration-stephane-laframboise-administrateur-region-du-centre\/#primaryimage"},"image":{"@id":"https:\/\/npf-website-wordpress.ind.ninja\/fr\/conseil-dadministration-stephane-laframboise-administrateur-region-du-centre\/#primaryimage"},"thumbnailUrl":"https:\/\/npf-fpn.com\/app\/uploads\/2022\/05\/Stephane-Laframboise-Website.png","datePublished":"2021-12-22T18:20:32+00:00","dateModified":"2022-11-22T16:34:17+00:00","breadcrumb":{"@id":"https:\/\/npf-website-wordpress.ind.ninja\/fr\/conseil-dadministration-stephane-laframboise-administrateur-region-du-centre\/#breadcrumb"},"inLanguage":"fr-FR","potentialAction":[{"@type":"ReadAction","target":["https:\/\/npf-website-wordpress.ind.ninja\/fr\/conseil-dadministration-stephane-laframboise-administrateur-region-du-centre\/"]}]},{"@type":"ImageObject","inLanguage":"fr-FR","@id":"https:\/\/npf-website-wordpress.ind.ninja\/fr\/conseil-dadministration-stephane-laframboise-administrateur-region-du-centre\/#primaryimage","url":"https:\/\/npf-fpn.com\/app\/uploads\/2022\/05\/Stephane-Laframboise-Website.png","contentUrl":"https:\/\/npf-fpn.com\/app\/uploads\/2022\/05\/Stephane-Laframboise-Website.png"},{"@type":"BreadcrumbList","@id":"https:\/\/npf-website-wordpress.ind.ninja\/fr\/conseil-dadministration-stephane-laframboise-administrateur-region-du-centre\/#breadcrumb","itemListElement":[{"@type":"ListItem","position":1,"name":"Home","item":"https:\/\/npf-website-wordpress.ind.ninja\/fr\/"},{"@type":"ListItem","position":2,"name":"Conseil d&#8217;administration &#8211; St\u00e9phane Laframboise, Administrateur, R\u00e9gion Atlantique\/Centre"}]},{"@type":"WebSite","@id":"https:\/\/npf-website-wordpress.ind.ninja\/#website","url":"https:\/\/npf-website-wordpress.ind.ninja\/","name":"NPF-FPN","description":"roviding strong, fair and progressive representation to almost 20,000 RCMP members across Canada.","publisher":{"@id":"https:\/\/npf-website-wordpress.ind.ninja\/#organization"},"potentialAction":[{"@type":"SearchAction","target":{"@type":"EntryPoint","urlTemplate":"https:\/\/npf-website-wordpress.ind.ninja\/?s={search_term_string}"},"query-input":{"@type":"PropertyValueSpecification","valueRequired":true,"valueName":"search_term_string"}}],"inLanguage":"fr-FR"},{"@type":"Organization","@id":"https:\/\/npf-website-wordpress.ind.ninja\/#organization","name":"NPF-FPN","url":"https:\/\/npf-website-wordpress.ind.ninja\/","logo":{"@type":"ImageObject","inLanguage":"fr-FR","@id":"https:\/\/npf-website-wordpress.ind.ninja\/#\/schema\/logo\/image\/","url":"https:\/\/npf-fpn.com\/app\/uploads\/2022\/01\/NPF.jpg","contentUrl":"https:\/\/npf-fpn.com\/app\/uploads\/2022\/01\/NPF.jpg","width":200,"height":200,"caption":"NPF-FPN"},"image":{"@id":"https:\/\/npf-website-wordpress.ind.ninja\/#\/schema\/logo\/image\/"}}]}},"_links":{"self":[{"href":"https:\/\/npf-website-wordpress.ind.ninja\/fr\/wp-json\/wp\/v2\/pages\/22299","targetHints":{"allow":["GET"]}}],"collection":[{"href":"https:\/\/npf-website-wordpress.ind.ninja\/fr\/wp-json\/wp\/v2\/pages"}],"about":[{"href":"https:\/\/npf-website-wordpress.ind.ninja\/fr\/wp-json\/wp\/v2\/types\/page"}],"author":[{"embeddable":true,"href":"https:\/\/npf-website-wordpress.ind.ninja\/fr\/wp-json\/wp\/v2\/users\/326"}],"replies":[{"embeddable":true,"href":"https:\/\/npf-website-wordpress.ind.ninja\/fr\/wp-json\/wp\/v2\/comments?post=22299"}],"version-history":[{"count":2,"href":"https:\/\/npf-website-wordpress.ind.ninja\/fr\/wp-json\/wp\/v2\/pages\/22299\/revisions"}],"predecessor-version":[{"id":27466,"href":"https:\/\/npf-website-wordpress.ind.ninja\/fr\/wp-json\/wp\/v2\/pages\/22299\/revisions\/27466"}],"wp:attachment":[{"href":"https:\/\/npf-website-wordpress.ind.ninja\/fr\/wp-json\/wp\/v2\/media?parent=22299"}],"curies":[{"name":"wp","href":"https:\/\/api.w.org\/{rel}","templated":true}]}}