{"id":18611,"date":"2021-09-01T13:54:19","date_gmt":"2021-09-01T13:54:19","guid":{"rendered":"https:\/\/npf-fpn.com\/current-opportunities\/"},"modified":"2022-03-22T16:59:36","modified_gmt":"2022-03-22T16:59:36","slug":"current-opportunities","status":"publish","type":"page","link":"https:\/\/npf-website-wordpress.ind.ninja\/fr\/current-opportunities\/","title":{"rendered":"Opportunit\u00e9s actuelles"},"content":{"rendered":"<p><strong>Il n&#8217;y a pr\u00e9sentement aucune opportunit\u00e9 d&#8217;emploi. Soumettez votre CV pour une consid\u00e9ration future <a href=\"https:\/\/npffpn.bamboohr.com\/jobs\/view.php?id=33&amp;source=other\" target=\"_blank\" rel=\"noreferrer noopener\">ici<\/a>.<\/strong><\/p><p>Nous remercions tous les candidats pour leur int\u00e9r\u00eat \u00e0 travailler pour la FPN. En raison du grand nombre de candidatures, seuls les candidats s\u00e9lectionn\u00e9s pour un entretien d&#8217;embauche seront contact\u00e9s.<\/p><p>La FPN s&#8217;engage \u00e0 respecter les principes fondamentaux de l&#8217;\u00e9galit\u00e9 des chances en mati\u00e8re d&#8217;emploi. Nous nous engageons \u00e0 traiter les gens \u00e9quitablement, avec respect et dignit\u00e9, et \u00e0 offrir des opportunit\u00e9s d&#8217;emploi \u00e9gales en fonction des qualifications et des performances d&#8217;un individu, sans discrimination ni harc\u00e8lement, conform\u00e9ment \u00e0 la l\u00e9gislation provinciale et territoriale sur les droits de la personne.<\/p><p>Pendant toutes les phases du processus de recrutement, la FPN d\u00e9montrera son engagement envers les principes de la l\u00e9gislation provinciale\/territoriale sur les droits de la personne, les normes d&#8217;emploi et la l\u00e9gislation sur l&#8217;\u00e9galit\u00e9 des chances en mati\u00e8re d&#8217;emploi.<\/p>","protected":false},"excerpt":{"rendered":"<p>Il n&#8217;y a pr\u00e9sentement aucune opportunit\u00e9 d&#8217;emploi. Soumettez votre CV pour une consid\u00e9ration future ici. Nous remercions tous les candidats pour leur int\u00e9r\u00eat \u00e0 travailler pour la FPN. En raison du grand nombre de candidatures, seuls les candidats s\u00e9lectionn\u00e9s pour [&hellip;]<\/p>\n","protected":false},"author":326,"featured_media":0,"parent":0,"menu_order":0,"comment_status":"closed","ping_status":"closed","template":"","meta":{"_acf_changed":false,"inline_featured_image":false,"footnotes":""},"class_list":["post-18611","page","type-page","status-publish","hentry"],"acf":[],"yoast_head":"<!-- This site is optimized with the Yoast SEO plugin v24.4 - https:\/\/yoast.com\/wordpress\/plugins\/seo\/ -->\n<title>Opportunit\u00e9s actuelles - NPF-FPN<\/title>\n<meta name=\"robots\" content=\"noindex, follow, max-snippet:-1, max-image-preview:large, max-video-preview:-1\" \/>\n<meta property=\"og:locale\" content=\"fr_FR\" \/>\n<meta property=\"og:type\" content=\"article\" \/>\n<meta property=\"og:title\" content=\"Opportunit\u00e9s actuelles - NPF-FPN\" \/>\n<meta property=\"og:description\" content=\"Il n&#8217;y a pr\u00e9sentement aucune opportunit\u00e9 d&#8217;emploi. Soumettez votre CV pour une consid\u00e9ration future ici. Nous remercions tous les candidats pour leur int\u00e9r\u00eat \u00e0 travailler pour la FPN. En raison du grand nombre de candidatures, seuls les candidats s\u00e9lectionn\u00e9s pour [&hellip;]\" \/>\n<meta property=\"og:url\" content=\"https:\/\/npf-website-wordpress.ind.ninja\/fr\/current-opportunities\/\" \/>\n<meta property=\"og:site_name\" content=\"NPF-FPN\" \/>\n<meta property=\"article:modified_time\" content=\"2022-03-22T16:59:36+00:00\" \/>\n<meta name=\"twitter:card\" content=\"summary_large_image\" \/>\n<meta name=\"twitter:label1\" content=\"Est. reading time\" \/>\n\t<meta name=\"twitter:data1\" content=\"1 minute\" \/>\n<script type=\"application\/ld+json\" class=\"yoast-schema-graph\">{\"@context\":\"https:\/\/schema.org\",\"@graph\":[{\"@type\":\"WebPage\",\"@id\":\"https:\/\/npf-website-wordpress.ind.ninja\/fr\/current-opportunities\/\",\"url\":\"https:\/\/npf-website-wordpress.ind.ninja\/fr\/current-opportunities\/\",\"name\":\"Opportunit\u00e9s actuelles - NPF-FPN\",\"isPartOf\":{\"@id\":\"https:\/\/npf-website-wordpress.ind.ninja\/#website\"},\"datePublished\":\"2021-09-01T13:54:19+00:00\",\"dateModified\":\"2022-03-22T16:59:36+00:00\",\"breadcrumb\":{\"@id\":\"https:\/\/npf-website-wordpress.ind.ninja\/fr\/current-opportunities\/#breadcrumb\"},\"inLanguage\":\"fr-FR\",\"potentialAction\":[{\"@type\":\"ReadAction\",\"target\":[\"https:\/\/npf-website-wordpress.ind.ninja\/fr\/current-opportunities\/\"]}]},{\"@type\":\"BreadcrumbList\",\"@id\":\"https:\/\/npf-website-wordpress.ind.ninja\/fr\/current-opportunities\/#breadcrumb\",\"itemListElement\":[{\"@type\":\"ListItem\",\"position\":1,\"name\":\"Home\",\"item\":\"https:\/\/npf-website-wordpress.ind.ninja\/fr\/\"},{\"@type\":\"ListItem\",\"position\":2,\"name\":\"Opportunit\u00e9s actuelles\"}]},{\"@type\":\"WebSite\",\"@id\":\"https:\/\/npf-website-wordpress.ind.ninja\/#website\",\"url\":\"https:\/\/npf-website-wordpress.ind.ninja\/\",\"name\":\"NPF-FPN\",\"description\":\"roviding strong, fair and progressive representation to almost 20,000 RCMP members across Canada.\",\"publisher\":{\"@id\":\"https:\/\/npf-website-wordpress.ind.ninja\/#organization\"},\"potentialAction\":[{\"@type\":\"SearchAction\",\"target\":{\"@type\":\"EntryPoint\",\"urlTemplate\":\"https:\/\/npf-website-wordpress.ind.ninja\/?s={search_term_string}\"},\"query-input\":{\"@type\":\"PropertyValueSpecification\",\"valueRequired\":true,\"valueName\":\"search_term_string\"}}],\"inLanguage\":\"fr-FR\"},{\"@type\":\"Organization\",\"@id\":\"https:\/\/npf-website-wordpress.ind.ninja\/#organization\",\"name\":\"NPF-FPN\",\"url\":\"https:\/\/npf-website-wordpress.ind.ninja\/\",\"logo\":{\"@type\":\"ImageObject\",\"inLanguage\":\"fr-FR\",\"@id\":\"https:\/\/npf-website-wordpress.ind.ninja\/#\/schema\/logo\/image\/\",\"url\":\"https:\/\/npf-fpn.com\/app\/uploads\/2022\/01\/NPF.jpg\",\"contentUrl\":\"https:\/\/npf-fpn.com\/app\/uploads\/2022\/01\/NPF.jpg\",\"width\":200,\"height\":200,\"caption\":\"NPF-FPN\"},\"image\":{\"@id\":\"https:\/\/npf-website-wordpress.ind.ninja\/#\/schema\/logo\/image\/\"}}]}<\/script>\n<!-- \/ Yoast SEO plugin. -->","yoast_head_json":{"title":"Opportunit\u00e9s actuelles - NPF-FPN","robots":{"index":"noindex","follow":"follow","max-snippet":"max-snippet:-1","max-image-preview":"max-image-preview:large","max-video-preview":"max-video-preview:-1"},"og_locale":"fr_FR","og_type":"article","og_title":"Opportunit\u00e9s actuelles - NPF-FPN","og_description":"Il n&#8217;y a pr\u00e9sentement aucune opportunit\u00e9 d&#8217;emploi. Soumettez votre CV pour une consid\u00e9ration future ici. Nous remercions tous les candidats pour leur int\u00e9r\u00eat \u00e0 travailler pour la FPN. En raison du grand nombre de candidatures, seuls les candidats s\u00e9lectionn\u00e9s pour [&hellip;]","og_url":"https:\/\/npf-website-wordpress.ind.ninja\/fr\/current-opportunities\/","og_site_name":"NPF-FPN","article_modified_time":"2022-03-22T16:59:36+00:00","twitter_card":"summary_large_image","twitter_misc":{"Est. reading time":"1 minute"},"schema":{"@context":"https:\/\/schema.org","@graph":[{"@type":"WebPage","@id":"https:\/\/npf-website-wordpress.ind.ninja\/fr\/current-opportunities\/","url":"https:\/\/npf-website-wordpress.ind.ninja\/fr\/current-opportunities\/","name":"Opportunit\u00e9s actuelles - NPF-FPN","isPartOf":{"@id":"https:\/\/npf-website-wordpress.ind.ninja\/#website"},"datePublished":"2021-09-01T13:54:19+00:00","dateModified":"2022-03-22T16:59:36+00:00","breadcrumb":{"@id":"https:\/\/npf-website-wordpress.ind.ninja\/fr\/current-opportunities\/#breadcrumb"},"inLanguage":"fr-FR","potentialAction":[{"@type":"ReadAction","target":["https:\/\/npf-website-wordpress.ind.ninja\/fr\/current-opportunities\/"]}]},{"@type":"BreadcrumbList","@id":"https:\/\/npf-website-wordpress.ind.ninja\/fr\/current-opportunities\/#breadcrumb","itemListElement":[{"@type":"ListItem","position":1,"name":"Home","item":"https:\/\/npf-website-wordpress.ind.ninja\/fr\/"},{"@type":"ListItem","position":2,"name":"Opportunit\u00e9s actuelles"}]},{"@type":"WebSite","@id":"https:\/\/npf-website-wordpress.ind.ninja\/#website","url":"https:\/\/npf-website-wordpress.ind.ninja\/","name":"NPF-FPN","description":"roviding strong, fair and progressive representation to almost 20,000 RCMP members across Canada.","publisher":{"@id":"https:\/\/npf-website-wordpress.ind.ninja\/#organization"},"potentialAction":[{"@type":"SearchAction","target":{"@type":"EntryPoint","urlTemplate":"https:\/\/npf-website-wordpress.ind.ninja\/?s={search_term_string}"},"query-input":{"@type":"PropertyValueSpecification","valueRequired":true,"valueName":"search_term_string"}}],"inLanguage":"fr-FR"},{"@type":"Organization","@id":"https:\/\/npf-website-wordpress.ind.ninja\/#organization","name":"NPF-FPN","url":"https:\/\/npf-website-wordpress.ind.ninja\/","logo":{"@type":"ImageObject","inLanguage":"fr-FR","@id":"https:\/\/npf-website-wordpress.ind.ninja\/#\/schema\/logo\/image\/","url":"https:\/\/npf-fpn.com\/app\/uploads\/2022\/01\/NPF.jpg","contentUrl":"https:\/\/npf-fpn.com\/app\/uploads\/2022\/01\/NPF.jpg","width":200,"height":200,"caption":"NPF-FPN"},"image":{"@id":"https:\/\/npf-website-wordpress.ind.ninja\/#\/schema\/logo\/image\/"}}]}},"_links":{"self":[{"href":"https:\/\/npf-website-wordpress.ind.ninja\/fr\/wp-json\/wp\/v2\/pages\/18611","targetHints":{"allow":["GET"]}}],"collection":[{"href":"https:\/\/npf-website-wordpress.ind.ninja\/fr\/wp-json\/wp\/v2\/pages"}],"about":[{"href":"https:\/\/npf-website-wordpress.ind.ninja\/fr\/wp-json\/wp\/v2\/types\/page"}],"author":[{"embeddable":true,"href":"https:\/\/npf-website-wordpress.ind.ninja\/fr\/wp-json\/wp\/v2\/users\/326"}],"replies":[{"embeddable":true,"href":"https:\/\/npf-website-wordpress.ind.ninja\/fr\/wp-json\/wp\/v2\/comments?post=18611"}],"version-history":[{"count":17,"href":"https:\/\/npf-website-wordpress.ind.ninja\/fr\/wp-json\/wp\/v2\/pages\/18611\/revisions"}],"predecessor-version":[{"id":25016,"href":"https:\/\/npf-website-wordpress.ind.ninja\/fr\/wp-json\/wp\/v2\/pages\/18611\/revisions\/25016"}],"wp:attachment":[{"href":"https:\/\/npf-website-wordpress.ind.ninja\/fr\/wp-json\/wp\/v2\/media?parent=18611"}],"curies":[{"name":"wp","href":"https:\/\/api.w.org\/{rel}","templated":true}]}}