{"id":18599,"date":"2021-09-01T13:54:38","date_gmt":"2021-09-01T13:54:38","guid":{"rendered":"https:\/\/npf-fpn.com\/careers-at-the-npf\/"},"modified":"2022-11-23T19:41:55","modified_gmt":"2022-11-23T19:41:55","slug":"careers-at-the-npf","status":"publish","type":"page","link":"https:\/\/npf-website-wordpress.ind.ninja\/fr\/careers-at-the-npf\/","title":{"rendered":"Carri\u00e8res avec la FPN"},"content":{"rendered":"<h2 class=\"wp-block-heading\">Qui nous sommes<\/h2><p>La F\u00e9d\u00e9ration de la police nationale est le seul agent n\u00e9gociateur accr\u00e9dit\u00e9 pour les membres r\u00e9guliers et les r\u00e9servistes de la Gendarmerie royale du Canada, sous le grade d&#8217;inspecteur. Nous sommes la plus grande organisation syndicale polici\u00e8re au Canada, repr\u00e9sentant pr\u00e8s de 20 000 membres servant partout au Canada et \u00e0 l&#8217;\u00e9tranger.<\/p><h2 class=\"wp-block-heading\">Pourquoi se joindre \u00e0 nous ?<\/h2><p>Travailler avec nous \u00e0 la FPN est votre opportunit\u00e9 de soutenir les membres qui se mettent en danger pour les Canadiens jour apr\u00e8s jour. Nous fournissons une gamme de services pour remplir notre mission de fournir une repr\u00e9sentation forte, juste et progressive pour promouvoir et am\u00e9liorer les droits et le bien-\u00eatre de nos membres.<\/p><p>Nous recherchons des membres d&#8217;\u00e9quipe d\u00e9vou\u00e9s et travaillants qui appr\u00e9cient l&#8217;opportunit\u00e9 de cr\u00e9er des am\u00e9liorations durables et significatives dans l&#8217;environnement de travail de nos membres, et qui aiment faire partie de quelque chose de nouveau. La FPN est une jeune organisation; rejoindre notre \u00e9quipe vous donne la chance de faire partie des avanc\u00e9es historiques en mati\u00e8re de maintien de l&#8217;ordre et de droits du travail au Canada.<\/p><h2 class=\"wp-block-heading\">Nos valeurs et notre culture organisationnelle <\/h2><div class=\"wp-block-columns is-layout-flex wp-container-core-columns-is-layout-1 wp-block-columns-is-layout-flex\"><div class=\"wp-block-column is-layout-flow wp-block-column-is-layout-flow\"><div class=\"wp-block-image\"><figure class=\"aligncenter size-large is-resized\"><img loading=\"lazy\" decoding=\"async\" src=\"https:\/\/npf-fpn.com\/app\/uploads\/2021\/08\/Corporate-Values-NPF-150x150.png\" alt=\"\" class=\"wp-image-17561\" width=\"150\" height=\"150\" srcset=\"https:\/\/npf-website-wordpress.ind.ninja\/app\/uploads\/2021\/08\/Corporate-Values-NPF-150x150.png 150w, https:\/\/npf-website-wordpress.ind.ninja\/app\/uploads\/2021\/08\/Corporate-Values-NPF-300x300.png 300w, https:\/\/npf-website-wordpress.ind.ninja\/app\/uploads\/2021\/08\/Corporate-Values-NPF-200x200.png 200w, https:\/\/npf-website-wordpress.ind.ninja\/app\/uploads\/2021\/08\/Corporate-Values-NPF-100x100.png 100w, https:\/\/npf-website-wordpress.ind.ninja\/app\/uploads\/2021\/08\/Corporate-Values-NPF.png 500w\" sizes=\"auto, (max-width: 150px) 100vw, 150px\" \/><\/figure><\/div>\n\n<h4 class=\"has-text-align-center wp-block-heading\"><strong>Loyal<\/strong><\/h4>\n\n<p class=\"has-text-align-center\">Les meilleurs int\u00e9r\u00eats des membres r\u00e9giront toujours nos d\u00e9cisions et nos actions.<\/p><\/div>\n\n<div class=\"wp-block-column is-layout-flow wp-block-column-is-layout-flow\"><div class=\"wp-block-image\"><figure class=\"aligncenter size-large is-resized\"><img loading=\"lazy\" decoding=\"async\" src=\"https:\/\/npf-fpn.com\/app\/uploads\/2021\/08\/Inclusive-150x150.png\" alt=\"\" class=\"wp-image-17541\" width=\"150\" height=\"150\" srcset=\"https:\/\/npf-website-wordpress.ind.ninja\/app\/uploads\/2021\/08\/Inclusive-150x150.png 150w, https:\/\/npf-website-wordpress.ind.ninja\/app\/uploads\/2021\/08\/Inclusive-300x300.png 300w, https:\/\/npf-website-wordpress.ind.ninja\/app\/uploads\/2021\/08\/Inclusive-200x200.png 200w, https:\/\/npf-website-wordpress.ind.ninja\/app\/uploads\/2021\/08\/Inclusive-100x100.png 100w, https:\/\/npf-website-wordpress.ind.ninja\/app\/uploads\/2021\/08\/Inclusive.png 500w\" sizes=\"auto, (max-width: 150px) 100vw, 150px\" \/><\/figure><\/div>\n\n<h4 class=\"has-text-align-center wp-block-heading\"><strong>Inclusif<\/strong><\/h4>\n\n<p class=\"has-text-align-center\">Nous sommes transparents et collaboratifs dans la r\u00e9alisation de nos objectifs.<\/p><\/div>\n\n<div class=\"wp-block-column is-layout-flow wp-block-column-is-layout-flow\"><div class=\"wp-block-image\"><figure class=\"aligncenter size-large is-resized\"><img loading=\"lazy\" decoding=\"async\" src=\"https:\/\/npf-fpn.com\/app\/uploads\/2021\/08\/Productive-2-150x150.png\" alt=\"\" class=\"wp-image-17547\" width=\"150\" height=\"150\" srcset=\"https:\/\/npf-website-wordpress.ind.ninja\/app\/uploads\/2021\/08\/Productive-2-150x150.png 150w, https:\/\/npf-website-wordpress.ind.ninja\/app\/uploads\/2021\/08\/Productive-2-300x300.png 300w, https:\/\/npf-website-wordpress.ind.ninja\/app\/uploads\/2021\/08\/Productive-2-200x200.png 200w, https:\/\/npf-website-wordpress.ind.ninja\/app\/uploads\/2021\/08\/Productive-2-100x100.png 100w, https:\/\/npf-website-wordpress.ind.ninja\/app\/uploads\/2021\/08\/Productive-2.png 500w\" sizes=\"auto, (max-width: 150px) 100vw, 150px\" \/><\/figure><\/div>\n\n<h4 class=\"has-text-align-center wp-block-heading\"><strong>Productif<\/strong><\/h4>\n\n<p class=\"has-text-align-center\">Nous nous concentrons sur les r\u00e9sultats pour les membres, tout en appliquant les meilleures pratiques \u00e0 travers un cadre \u00e9thique.<\/p><\/div>\n\n<div class=\"wp-block-column is-layout-flow wp-block-column-is-layout-flow\"><div class=\"wp-block-image\"><figure class=\"aligncenter size-large is-resized\"><img loading=\"lazy\" decoding=\"async\" src=\"https:\/\/npf-fpn.com\/app\/uploads\/2021\/08\/Innovative-2-150x150.png\" alt=\"\" class=\"wp-image-17557\" width=\"150\" height=\"150\" srcset=\"https:\/\/npf-website-wordpress.ind.ninja\/app\/uploads\/2021\/08\/Innovative-2-150x150.png 150w, https:\/\/npf-website-wordpress.ind.ninja\/app\/uploads\/2021\/08\/Innovative-2-300x300.png 300w, https:\/\/npf-website-wordpress.ind.ninja\/app\/uploads\/2021\/08\/Innovative-2-200x200.png 200w, https:\/\/npf-website-wordpress.ind.ninja\/app\/uploads\/2021\/08\/Innovative-2-100x100.png 100w, https:\/\/npf-website-wordpress.ind.ninja\/app\/uploads\/2021\/08\/Innovative-2.png 500w\" sizes=\"auto, (max-width: 150px) 100vw, 150px\" \/><\/figure><\/div>\n\n<h4 class=\"has-text-align-center wp-block-heading\"><strong>Innovation<\/strong><\/h4>\n\n<p class=\"has-text-align-center\">Nous sommes ouverts \u00e0 de nouvelles opinions, de nouvelles id\u00e9es et de nouvelles fa\u00e7ons de faire avancer les choses.<\/p><\/div>\n\n<div class=\"wp-block-column is-layout-flow wp-block-column-is-layout-flow\"><div class=\"wp-block-image\"><figure class=\"aligncenter size-large is-resized\"><img loading=\"lazy\" decoding=\"async\" src=\"https:\/\/npf-fpn.com\/app\/uploads\/2021\/08\/Focused-2-150x150.png\" alt=\"\" class=\"wp-image-17539\" width=\"150\" height=\"150\" srcset=\"https:\/\/npf-website-wordpress.ind.ninja\/app\/uploads\/2021\/08\/Focused-2-150x150.png 150w, https:\/\/npf-website-wordpress.ind.ninja\/app\/uploads\/2021\/08\/Focused-2-300x300.png 300w, https:\/\/npf-website-wordpress.ind.ninja\/app\/uploads\/2021\/08\/Focused-2-200x200.png 200w, https:\/\/npf-website-wordpress.ind.ninja\/app\/uploads\/2021\/08\/Focused-2-100x100.png 100w, https:\/\/npf-website-wordpress.ind.ninja\/app\/uploads\/2021\/08\/Focused-2.png 500w\" sizes=\"auto, (max-width: 150px) 100vw, 150px\" \/><\/figure><\/div>\n\n<h4 class=\"has-text-align-center wp-block-heading\"><strong>Concentr\u00e9<\/strong><\/h4>\n\n<p class=\"has-text-align-center\">Nous nous engageons \u00e0 soutenir notre mission et \u00e0 r\u00e9ussir nos objectifs.<\/p><\/div><\/div><p>La FPN s&#8217;engage \u00e0 respecter les principes fondamentaux de l&#8217;\u00e9galit\u00e9 des chances en mati\u00e8re d&#8217;emploi. Nous nous engageons \u00e0 traiter les gens \u00e9quitablement, avec respect et dignit\u00e9, et \u00e0 offrir des opportunit\u00e9s d&#8217;emploi \u00e9gales en fonction des qualifications et des performances d&#8217;un individu, sans discrimination ni harc\u00e8lement, conform\u00e9ment \u00e0 la l\u00e9gislation provinciale et territoriale sur les droits de la personne.<\/p><p>Pendant toutes les phases du processus de recrutement, la FPN d\u00e9montrera son engagement envers les principes de la l\u00e9gislation provinciale\/territoriale sur les droits de la personne, les normes d&#8217;emploi et la l\u00e9gislation sur l&#8217;\u00e9galit\u00e9 des chances en mati\u00e8re d&#8217;emploi.<\/p><h2 class=\"wp-block-heading\">Nos \u00e9quipes<\/h2><div class=\"wp-block-columns is-layout-flex wp-container-core-columns-is-layout-2 wp-block-columns-is-layout-flex\"><div class=\"wp-block-column is-layout-flow wp-block-column-is-layout-flow\"><div class=\"wp-block-pb-accordion-item c-accordion__item js-accordion-item no-js\" data-initially-open=\"false\" data-click-to-close=\"true\" data-auto-close=\"true\" data-scroll=\"false\" data-scroll-offset=\"0\"><h3 id=\"at-185990\" class=\"c-accordion__title js-accordion-controller\" role=\"button\">Services aux membres<\/h3><div id=\"ac-185990\" class=\"c-accordion__content\"><p>Les Services aux membres offrent une gamme de programmes et de services visant \u00e0 aider les membres \u00e0 relever les d\u00e9fis de la vie avec la GRC ainsi que des programmes destin\u00e9s \u00e0 leurs familles. Le Centre de service aux membres est l&#8217;\u00e9picentre permettant aux membres d&#8217;identifier les d\u00e9fis\/probl\u00e8mes\/conflits individuels ainsi que les probl\u00e8mes collectifs sur le lieu de travail et de rechercher un soutien pour les r\u00e9soudre.<\/p><\/div><\/div><\/div>\n\n<div class=\"wp-block-column is-layout-flow wp-block-column-is-layout-flow\"><div class=\"wp-block-pb-accordion-item c-accordion__item js-accordion-item no-js\" data-initially-open=\"false\" data-click-to-close=\"true\" data-auto-close=\"true\" data-scroll=\"false\" data-scroll-offset=\"0\"><h3 id=\"at-185991\" class=\"c-accordion__title js-accordion-controller\" role=\"button\">Relations gouvernementales et politiques<\/h3><div id=\"ac-185991\" class=\"c-accordion__content\"><p>L&#8217;\u00e9quipe des relations gouvernementales et des politiques de la FPN s&#8217;efforce d&#8217;\u00eatre un chef de file en mati\u00e8re de s\u00e9curit\u00e9 publique et de services de police afin d&#8217;am\u00e9liorer la vie de nos membres et des communaut\u00e9s qu&#8217;ils servent. Nous entreprenons des recherches approfondies, surveillons les probl\u00e8mes et d\u00e9veloppons des strat\u00e9gies int\u00e9gr\u00e9es pour collaborer avec tous les niveaux de gouvernement et les parties prenantes afin de fa\u00e7onner les politiques publiques et d&#8217;influencer la prise de d\u00e9cision du gouvernement afin d&#8217;obtenir des r\u00e9sultats efficaces.<\/p><\/div><\/div><\/div><\/div><div class=\"wp-block-columns is-layout-flex wp-container-core-columns-is-layout-3 wp-block-columns-is-layout-flex\"><div class=\"wp-block-column is-layout-flow wp-block-column-is-layout-flow\"><div class=\"wp-block-pb-accordion-item c-accordion__item js-accordion-item no-js\" data-initially-open=\"false\" data-click-to-close=\"true\" data-auto-close=\"true\" data-scroll=\"false\" data-scroll-offset=\"0\"><h3 id=\"at-185992\" class=\"c-accordion__title js-accordion-controller\" role=\"button\">Communications<\/h3><div id=\"ac-185992\" class=\"c-accordion__content\"><p>L&#8217;\u00e9quipe de communication de la FPN est passionn\u00e9e, strat\u00e9gique, bien rythm\u00e9e et r\u00e9active aux besoins de nos membres. Nous travaillons \u00e0 travers le Canada pour couvrir les diff\u00e9rents fuseaux horaires et la plupart de notre \u00e9quipe est bilingue. Nous nous assurons \u00e9galement que le travail est amusant, que tout le monde a la chance d&#8217;apprendre de nouvelles choses et que nous nous soutenons mutuellement. Nous esp\u00e9rons que vous suivrez certains de nos travaux sur nos r\u00e9seaux sociaux.<\/p><\/div><\/div><\/div>\n\n<div class=\"wp-block-column is-layout-flow wp-block-column-is-layout-flow\"><div class=\"wp-block-pb-accordion-item c-accordion__item js-accordion-item no-js\" data-initially-open=\"false\" data-click-to-close=\"true\" data-auto-close=\"true\" data-scroll=\"false\" data-scroll-offset=\"0\"><h3 id=\"at-185993\" class=\"c-accordion__title js-accordion-controller\" role=\"button\">TI<\/h3><div id=\"ac-185993\" class=\"c-accordion__content\"><p>Le service informatique est charg\u00e9 de fournir et de prendre en charge les logiciels, les syst\u00e8mes, le mat\u00e9riel et les r\u00e9seaux qui permettent \u00e0 tous les services de la NPF-FPN d&#8217;atteindre ses objectifs commerciaux. Bien que les services informatiques soient principalement ax\u00e9s sur l&#8217;interne, le mandat sous-jacent de toutes les d\u00e9cisions informatiques est la s\u00e9curit\u00e9 et l&#8217;int\u00e9grit\u00e9 des donn\u00e9es de nos membres. Le service informatique est soutenu par un service d&#8217;assistance externe 24\/7\/365<\/p><\/div><\/div><\/div><\/div><div class=\"wp-block-columns is-layout-flex wp-container-core-columns-is-layout-4 wp-block-columns-is-layout-flex\"><div class=\"wp-block-column is-layout-flow wp-block-column-is-layout-flow\"><div class=\"wp-block-pb-accordion-item c-accordion__item js-accordion-item no-js\" data-initially-open=\"false\" data-click-to-close=\"true\" data-auto-close=\"true\" data-scroll=\"false\" data-scroll-offset=\"0\"><h3 id=\"at-185994\" class=\"c-accordion__title js-accordion-controller\" role=\"button\">Finance<\/h3><div id=\"ac-185994\" class=\"c-accordion__content\"><p>L&#8217;objectif principal du d\u00e9partement des finances de la FPN est de soutenir les priorit\u00e9s strat\u00e9giques et la mission globale de la FPN, d&#8217;un point de vue administratif et financier. Gr\u00e2ce \u00e0 l&#8217;application de contr\u00f4les internes, de gestion budg\u00e9taire et de politiques comptables, nous nous effor\u00e7ons d&#8217;\u00eatre de grands intendants de toutes les ressources dans un environnement en constante \u00e9volution et au rythme rapide.<\/p><\/div><\/div><\/div>\n\n<div class=\"wp-block-column is-layout-flow wp-block-column-is-layout-flow\"><div class=\"wp-block-pb-accordion-item c-accordion__item js-accordion-item no-js\" data-initially-open=\"false\" data-click-to-close=\"true\" data-auto-close=\"true\" data-scroll=\"false\" data-scroll-offset=\"0\"><h3 id=\"at-185995\" class=\"c-accordion__title js-accordion-controller\" role=\"button\">Services juridiques<\/h3><div id=\"ac-185995\" class=\"c-accordion__content\"><p>L\u2019\u00e9quipe juridique de la FPN est la toute premi\u00e8re en son genre. Elle est le r\u00e9sultat d\u2019un travail d\u2019\u00e9quipe hors pair depuis le jugement de 2015 de la Cour supr\u00eame du Canada qui a donn\u00e9 aux membres de la GRC le droit d\u2019association. Venez vous joindre \u00e0 une \u00e9quipe dynamique et engag\u00e9e, dont l\u2019\u00e9tat d\u2019esprit d\u2019excellence est le r\u00e9sultat de la collaboration des personnes qui en font partie et de leur motivation \u00e0 fournir un soutien \u00e0 la FPN et aux membres qu\u2019elle repr\u00e9sente.<\/p><\/div><\/div><\/div><\/div><div class=\"wp-block-buttons is-layout-flex wp-block-buttons-is-layout-flex\"><div class=\"wp-block-button has-custom-width wp-block-button__width-100\"><a class=\"wp-block-button__link has-vivid-red-background-color has-background\" href=\"https:\/\/npf-website-wordpress.ind.ninja\/fr\/current-opportunities\/\" style=\"border-radius:7px\">Opportunit\u00e9s actuelles<\/a><\/div><\/div>","protected":false},"excerpt":{"rendered":"<p>Qui nous sommes La F\u00e9d\u00e9ration de la police nationale est le seul agent n\u00e9gociateur accr\u00e9dit\u00e9 pour les membres r\u00e9guliers et les r\u00e9servistes de la Gendarmerie royale du Canada, sous le grade d&#8217;inspecteur. Nous sommes la plus grande organisation syndicale polici\u00e8re [&hellip;]<\/p>\n","protected":false},"author":326,"featured_media":0,"parent":0,"menu_order":0,"comment_status":"closed","ping_status":"closed","template":"","meta":{"_acf_changed":false,"inline_featured_image":false,"footnotes":""},"class_list":["post-18599","page","type-page","status-publish","hentry"],"acf":[],"yoast_head":"<!-- This site is optimized with the Yoast SEO plugin v24.4 - https:\/\/yoast.com\/wordpress\/plugins\/seo\/ -->\n<title>Carri\u00e8res avec la FPN - NPF-FPN<\/title>\n<meta name=\"robots\" content=\"noindex, follow, max-snippet:-1, max-image-preview:large, max-video-preview:-1\" \/>\n<meta property=\"og:locale\" content=\"fr_FR\" \/>\n<meta property=\"og:type\" content=\"article\" \/>\n<meta property=\"og:title\" content=\"Carri\u00e8res avec la FPN - NPF-FPN\" \/>\n<meta property=\"og:description\" content=\"Qui nous sommes La F\u00e9d\u00e9ration de la police nationale est le seul agent n\u00e9gociateur accr\u00e9dit\u00e9 pour les membres r\u00e9guliers et les r\u00e9servistes de la Gendarmerie royale du Canada, sous le grade d&#8217;inspecteur. Nous sommes la plus grande organisation syndicale polici\u00e8re [&hellip;]\" \/>\n<meta property=\"og:url\" content=\"https:\/\/npf-website-wordpress.ind.ninja\/fr\/careers-at-the-npf\/\" \/>\n<meta property=\"og:site_name\" content=\"NPF-FPN\" \/>\n<meta property=\"article:modified_time\" content=\"2022-11-23T19:41:55+00:00\" \/>\n<meta property=\"og:image\" content=\"https:\/\/npf-fpn.com\/app\/uploads\/2021\/08\/Corporate-Values-NPF-150x150.png\" \/>\n<meta name=\"twitter:card\" content=\"summary_large_image\" \/>\n<meta name=\"twitter:label1\" content=\"Est. reading time\" \/>\n\t<meta name=\"twitter:data1\" content=\"5 minutes\" \/>\n<script type=\"application\/ld+json\" class=\"yoast-schema-graph\">{\"@context\":\"https:\/\/schema.org\",\"@graph\":[{\"@type\":\"WebPage\",\"@id\":\"https:\/\/npf-website-wordpress.ind.ninja\/fr\/careers-at-the-npf\/\",\"url\":\"https:\/\/npf-website-wordpress.ind.ninja\/fr\/careers-at-the-npf\/\",\"name\":\"Carri\u00e8res avec la FPN - NPF-FPN\",\"isPartOf\":{\"@id\":\"https:\/\/npf-website-wordpress.ind.ninja\/#website\"},\"primaryImageOfPage\":{\"@id\":\"https:\/\/npf-website-wordpress.ind.ninja\/fr\/careers-at-the-npf\/#primaryimage\"},\"image\":{\"@id\":\"https:\/\/npf-website-wordpress.ind.ninja\/fr\/careers-at-the-npf\/#primaryimage\"},\"thumbnailUrl\":\"https:\/\/npf-fpn.com\/app\/uploads\/2021\/08\/Corporate-Values-NPF-150x150.png\",\"datePublished\":\"2021-09-01T13:54:38+00:00\",\"dateModified\":\"2022-11-23T19:41:55+00:00\",\"breadcrumb\":{\"@id\":\"https:\/\/npf-website-wordpress.ind.ninja\/fr\/careers-at-the-npf\/#breadcrumb\"},\"inLanguage\":\"fr-FR\",\"potentialAction\":[{\"@type\":\"ReadAction\",\"target\":[\"https:\/\/npf-website-wordpress.ind.ninja\/fr\/careers-at-the-npf\/\"]}]},{\"@type\":\"ImageObject\",\"inLanguage\":\"fr-FR\",\"@id\":\"https:\/\/npf-website-wordpress.ind.ninja\/fr\/careers-at-the-npf\/#primaryimage\",\"url\":\"https:\/\/npf-fpn.com\/app\/uploads\/2021\/08\/Corporate-Values-NPF-150x150.png\",\"contentUrl\":\"https:\/\/npf-fpn.com\/app\/uploads\/2021\/08\/Corporate-Values-NPF-150x150.png\"},{\"@type\":\"BreadcrumbList\",\"@id\":\"https:\/\/npf-website-wordpress.ind.ninja\/fr\/careers-at-the-npf\/#breadcrumb\",\"itemListElement\":[{\"@type\":\"ListItem\",\"position\":1,\"name\":\"Home\",\"item\":\"https:\/\/npf-website-wordpress.ind.ninja\/fr\/\"},{\"@type\":\"ListItem\",\"position\":2,\"name\":\"Carri\u00e8res avec la FPN\"}]},{\"@type\":\"WebSite\",\"@id\":\"https:\/\/npf-website-wordpress.ind.ninja\/#website\",\"url\":\"https:\/\/npf-website-wordpress.ind.ninja\/\",\"name\":\"NPF-FPN\",\"description\":\"roviding strong, fair and progressive representation to almost 20,000 RCMP members across Canada.\",\"publisher\":{\"@id\":\"https:\/\/npf-website-wordpress.ind.ninja\/#organization\"},\"potentialAction\":[{\"@type\":\"SearchAction\",\"target\":{\"@type\":\"EntryPoint\",\"urlTemplate\":\"https:\/\/npf-website-wordpress.ind.ninja\/?s={search_term_string}\"},\"query-input\":{\"@type\":\"PropertyValueSpecification\",\"valueRequired\":true,\"valueName\":\"search_term_string\"}}],\"inLanguage\":\"fr-FR\"},{\"@type\":\"Organization\",\"@id\":\"https:\/\/npf-website-wordpress.ind.ninja\/#organization\",\"name\":\"NPF-FPN\",\"url\":\"https:\/\/npf-website-wordpress.ind.ninja\/\",\"logo\":{\"@type\":\"ImageObject\",\"inLanguage\":\"fr-FR\",\"@id\":\"https:\/\/npf-website-wordpress.ind.ninja\/#\/schema\/logo\/image\/\",\"url\":\"https:\/\/npf-fpn.com\/app\/uploads\/2022\/01\/NPF.jpg\",\"contentUrl\":\"https:\/\/npf-fpn.com\/app\/uploads\/2022\/01\/NPF.jpg\",\"width\":200,\"height\":200,\"caption\":\"NPF-FPN\"},\"image\":{\"@id\":\"https:\/\/npf-website-wordpress.ind.ninja\/#\/schema\/logo\/image\/\"}}]}<\/script>\n<!-- \/ Yoast SEO plugin. -->","yoast_head_json":{"title":"Carri\u00e8res avec la FPN - NPF-FPN","robots":{"index":"noindex","follow":"follow","max-snippet":"max-snippet:-1","max-image-preview":"max-image-preview:large","max-video-preview":"max-video-preview:-1"},"og_locale":"fr_FR","og_type":"article","og_title":"Carri\u00e8res avec la FPN - NPF-FPN","og_description":"Qui nous sommes La F\u00e9d\u00e9ration de la police nationale est le seul agent n\u00e9gociateur accr\u00e9dit\u00e9 pour les membres r\u00e9guliers et les r\u00e9servistes de la Gendarmerie royale du Canada, sous le grade d&#8217;inspecteur. Nous sommes la plus grande organisation syndicale polici\u00e8re [&hellip;]","og_url":"https:\/\/npf-website-wordpress.ind.ninja\/fr\/careers-at-the-npf\/","og_site_name":"NPF-FPN","article_modified_time":"2022-11-23T19:41:55+00:00","og_image":[{"url":"https:\/\/npf-fpn.com\/app\/uploads\/2021\/08\/Corporate-Values-NPF-150x150.png","type":"","width":"","height":""}],"twitter_card":"summary_large_image","twitter_misc":{"Est. reading time":"5 minutes"},"schema":{"@context":"https:\/\/schema.org","@graph":[{"@type":"WebPage","@id":"https:\/\/npf-website-wordpress.ind.ninja\/fr\/careers-at-the-npf\/","url":"https:\/\/npf-website-wordpress.ind.ninja\/fr\/careers-at-the-npf\/","name":"Carri\u00e8res avec la FPN - NPF-FPN","isPartOf":{"@id":"https:\/\/npf-website-wordpress.ind.ninja\/#website"},"primaryImageOfPage":{"@id":"https:\/\/npf-website-wordpress.ind.ninja\/fr\/careers-at-the-npf\/#primaryimage"},"image":{"@id":"https:\/\/npf-website-wordpress.ind.ninja\/fr\/careers-at-the-npf\/#primaryimage"},"thumbnailUrl":"https:\/\/npf-fpn.com\/app\/uploads\/2021\/08\/Corporate-Values-NPF-150x150.png","datePublished":"2021-09-01T13:54:38+00:00","dateModified":"2022-11-23T19:41:55+00:00","breadcrumb":{"@id":"https:\/\/npf-website-wordpress.ind.ninja\/fr\/careers-at-the-npf\/#breadcrumb"},"inLanguage":"fr-FR","potentialAction":[{"@type":"ReadAction","target":["https:\/\/npf-website-wordpress.ind.ninja\/fr\/careers-at-the-npf\/"]}]},{"@type":"ImageObject","inLanguage":"fr-FR","@id":"https:\/\/npf-website-wordpress.ind.ninja\/fr\/careers-at-the-npf\/#primaryimage","url":"https:\/\/npf-fpn.com\/app\/uploads\/2021\/08\/Corporate-Values-NPF-150x150.png","contentUrl":"https:\/\/npf-fpn.com\/app\/uploads\/2021\/08\/Corporate-Values-NPF-150x150.png"},{"@type":"BreadcrumbList","@id":"https:\/\/npf-website-wordpress.ind.ninja\/fr\/careers-at-the-npf\/#breadcrumb","itemListElement":[{"@type":"ListItem","position":1,"name":"Home","item":"https:\/\/npf-website-wordpress.ind.ninja\/fr\/"},{"@type":"ListItem","position":2,"name":"Carri\u00e8res avec la FPN"}]},{"@type":"WebSite","@id":"https:\/\/npf-website-wordpress.ind.ninja\/#website","url":"https:\/\/npf-website-wordpress.ind.ninja\/","name":"NPF-FPN","description":"roviding strong, fair and progressive representation to almost 20,000 RCMP members across Canada.","publisher":{"@id":"https:\/\/npf-website-wordpress.ind.ninja\/#organization"},"potentialAction":[{"@type":"SearchAction","target":{"@type":"EntryPoint","urlTemplate":"https:\/\/npf-website-wordpress.ind.ninja\/?s={search_term_string}"},"query-input":{"@type":"PropertyValueSpecification","valueRequired":true,"valueName":"search_term_string"}}],"inLanguage":"fr-FR"},{"@type":"Organization","@id":"https:\/\/npf-website-wordpress.ind.ninja\/#organization","name":"NPF-FPN","url":"https:\/\/npf-website-wordpress.ind.ninja\/","logo":{"@type":"ImageObject","inLanguage":"fr-FR","@id":"https:\/\/npf-website-wordpress.ind.ninja\/#\/schema\/logo\/image\/","url":"https:\/\/npf-fpn.com\/app\/uploads\/2022\/01\/NPF.jpg","contentUrl":"https:\/\/npf-fpn.com\/app\/uploads\/2022\/01\/NPF.jpg","width":200,"height":200,"caption":"NPF-FPN"},"image":{"@id":"https:\/\/npf-website-wordpress.ind.ninja\/#\/schema\/logo\/image\/"}}]}},"_links":{"self":[{"href":"https:\/\/npf-website-wordpress.ind.ninja\/fr\/wp-json\/wp\/v2\/pages\/18599","targetHints":{"allow":["GET"]}}],"collection":[{"href":"https:\/\/npf-website-wordpress.ind.ninja\/fr\/wp-json\/wp\/v2\/pages"}],"about":[{"href":"https:\/\/npf-website-wordpress.ind.ninja\/fr\/wp-json\/wp\/v2\/types\/page"}],"author":[{"embeddable":true,"href":"https:\/\/npf-website-wordpress.ind.ninja\/fr\/wp-json\/wp\/v2\/users\/326"}],"replies":[{"embeddable":true,"href":"https:\/\/npf-website-wordpress.ind.ninja\/fr\/wp-json\/wp\/v2\/comments?post=18599"}],"version-history":[{"count":7,"href":"https:\/\/npf-website-wordpress.ind.ninja\/fr\/wp-json\/wp\/v2\/pages\/18599\/revisions"}],"predecessor-version":[{"id":27582,"href":"https:\/\/npf-website-wordpress.ind.ninja\/fr\/wp-json\/wp\/v2\/pages\/18599\/revisions\/27582"}],"wp:attachment":[{"href":"https:\/\/npf-website-wordpress.ind.ninja\/fr\/wp-json\/wp\/v2\/media?parent=18599"}],"curies":[{"name":"wp","href":"https:\/\/api.w.org\/{rel}","templated":true}]}}