{"id":1634,"date":"2021-05-28T19:16:25","date_gmt":"2021-05-28T19:16:25","guid":{"rendered":"http:\/\/npf-website-wordpress.ind.ninja\/?page_id=1634"},"modified":"2022-11-22T15:26:09","modified_gmt":"2022-11-22T15:26:09","slug":"representants-locaux","status":"publish","type":"page","link":"https:\/\/npf-website-wordpress.ind.ninja\/fr\/representants-locaux\/","title":{"rendered":"Repr\u00e9sentants locaux"},"content":{"rendered":"<p>Les repr\u00e9sentants locaux jouent un r\u00f4le cl\u00e9 dans l\u2019accomplissement de la mission de la FPN d\u2019assurer une repr\u00e9sentation forte, \u00e9quitable et progressive des membres. Les RL aident \u00e0 mettre les membres en contact avec la FPN, en s\u2019assurant que vous recevez des nouvelles et de l\u2019information de la FPN et que vos questions sont port\u00e9es \u00e0 l\u2019attention de la FPN. Les RL peuvent \u00eatre le premier contact pour les membres confront\u00e9s \u00e0 des probl\u00e8mes de conduite ou qui ont des plaintes concernant leurs droits.<\/p><p>Le nombre de RL est bas\u00e9 sur un repr\u00e9sentant pour les 100 premiers membres inscrits d\u2019un district et un repr\u00e9sentant suppl\u00e9mentaire pour chaque 250 membres inscrits suppl\u00e9mentaires ou une partie de ceux-ci. Par exemple, un district de 543 membres inscrits aurait 4 RL (1 \u2013 100 = 1, 101-350 = 2. 351-500 = 3, 501-543 = 4).<\/p><div class=\"wp-block-buttons is-layout-flex wp-block-buttons-is-layout-flex\"><div class=\"wp-block-button has-custom-width wp-block-button__width-100\"><a class=\"wp-block-button__link has-vivid-red-background-color has-background\" href=\"https:\/\/npf-fpn.com\/fr\/election-partielle-des-representants-locaux-en-2022\/\" style=\"border-radius:7px\" target=\"_blank\" rel=\"noreferrer noopener\">\u00c9lections partielles des repr\u00e9sentants locaux 2022<\/a><\/div><\/div><div class=\"wp-block-columns is-layout-flex wp-container-core-columns-is-layout-1 wp-block-columns-is-layout-flex\"><div class=\"wp-block-column is-layout-flow wp-block-column-is-layout-flow\"><p><strong>District de l&#8217;\u00eele &#8211; Colombie-Britannique<\/strong><\/p>\n\n<ul class=\"wp-block-list\"><li>Jill Swann &#8211;&nbsp;<a href=\"mailto:Jillswann@npf-fpn.com\">Jillswann@npf-fpn.com<\/a><\/li><li>Andrew Popein &#8211;&nbsp;<a href=\"mailto:APopein@npf-fpn.com\">APopein@npf-fpn.com<\/a><\/li><li>Jonathan McKinney &#8211; <a href=\"mailto:Jmckinney@npf-fpn.com\">Jmckinney@npf-fpn.com<\/a><\/li><\/ul>\n\n<p><strong>District du Sud-Est &#8211; Colombie-Britannique<\/strong><\/p>\n\n<ul class=\"wp-block-list\"><li>Evan Diachok &#8211;&nbsp;<a href=\"mailto:EDiachok@npf-fpn.com\">EDiachok@npf-fpn.com<\/a><\/li><li>Brandon Buliziuk &#8211;&nbsp;<a href=\"mailto:BBuliziuk@npf-fpn.com\">BBuliziuk@npf-fpn.com<\/a><\/li><li>Brian O&#8217;Callaghan &#8211;&nbsp;<a href=\"mailto:BO'Callaghan@npf-fpn.com\">BO&#8217;Callaghan@npf-fpn.com<\/a><\/li><li>Sean Orb &#8211;&nbsp;<a href=\"mailto:SOrb@npf-fpn.com\">SOrb@npf-fpn.com<\/a><\/li><li>Spencer Hornoi &#8211;&nbsp;<a href=\"mailto:SHornoi@npf-fpn.com\">SHornoi@npf-fpn.com<\/a><\/li><li>Daniel Barros &#8211;&nbsp;<a href=\"mailto:DBarros@npf-fpn.com\">DBarros@npf-fpn.com<\/a><\/li><li>Patti Evans &#8211;&nbsp;<a href=\"mailto:PEvans@npf-fpn.com\">PEvans@npf-fpn.com<\/a><\/li><\/ul>\n\n<p><strong>District du Lower Mainland &#8211; Colombie-Britannique<\/strong><\/p>\n\n<ul class=\"wp-block-list\"><li>Matt Berinbaum &#8211;&nbsp;<a href=\"mailto:MBerinbaum@npf-fpn.com\">MBerinbaum@npf-fpn.com<\/a><\/li><li>Filipe Domingues &#8211;&nbsp;<a href=\"mailto:FDomingues@npf-fpn.com\">FDomingues@npf-fpn.com<\/a><\/li><li>David Duplissie &#8211;&nbsp;<a href=\"mailto:DDuplissie@npf-fpn.com\">DDuplissie@npf-fpn.com<\/a><\/li><li>Zubair Hassan &#8211;&nbsp;<a href=\"mailto:ZHassan@npf-fpn.com\">ZHassan@npf-fpn.com<\/a><\/li><li>Jordan Irvine &#8211;&nbsp;<a href=\"mailto:JIrvine@npf-fpn.com\">JIrvine@npf-fpn.com<\/a><\/li><li>Shelly Jacobsen &#8211;&nbsp;<a href=\"mailto:SJacobsen@npf-fpn.com\">SJacobsen@npf-fpn.com<\/a><\/li><li>Nancy Joyce &#8211;&nbsp;<a href=\"mailto:NJoyce@npf-fpn.com\">NJoyce@npf-fpn.com<\/a><\/li><li>Dan Klassen &#8211;&nbsp;<a href=\"mailto:DKlassen@npf-fpn.com\">DKlassen@npf-fpn.com<\/a><\/li><li>Matthew LaBelle &#8211;&nbsp;<a href=\"mailto:MLabelle@npf-fpn.com\">MLabelle@npf-fpn.com<\/a><\/li><li>Stewart Masi &#8211;&nbsp;<a href=\"mailto:SMasi@npf-fpn.com\">SMasi@npf-fpn.com<\/a><\/li><li>Eldon Orregaard &#8211;&nbsp;<a href=\"mailto:EOrregaard@npf-fpn.com\">EOrregaard@npf-fpn.com<\/a><\/li><li>Anthony Pankratz &#8211;&nbsp;<a href=\"mailto:APankratz@npf-fpn.com\">APankratz@npf-fpn.com<\/a><\/li><li>Mark Robinson &#8211;&nbsp;<a href=\"mailto:MRobinson@npf-fpn.com\">MRobinson@npf-fpn.com<\/a><\/li><li>Christopher Thomas &#8211;&nbsp;<a href=\"mailto:CThomas@npf-fpn.com\">CThomas@npf-fpn.com<\/a><\/li><li>Dustin Young &#8211;&nbsp;<a href=\"mailto:DYoung@npf-fpn.com\">DYoung@npf-fpn.com<\/a><\/li><\/ul>\n\n<p><strong>District du Nord &#8211; Colombie-Britannique<\/strong><\/p>\n\n<ul class=\"wp-block-list\"><li>Zac Munroe &#8211;&nbsp;<a href=\"mailto:zmunroe@npf-fpn.com\">ZMunroe@npf-fpn.com<\/a><\/li><li>Steven Roe &#8211;&nbsp;<a href=\"mailto:SRoe@npf-fpn.com\">SRoe@npf-fpn.com<\/a><\/li><li>Matthew Sutherland &#8211;&nbsp;<a href=\"mailto:msutherland@npf-fpn.com\">MSutherland@npf-fpn.com<\/a><\/li><li>Aaron Widdis &#8211; &nbsp;<a href=\"mailto:AWiddis@npf-fpn.com\" target=\"_blank\" rel=\"noreferrer noopener\">AWiddis@npf-fpn.com<\/a><\/li><li>Blair Wood &#8211; <a href=\"mailto:bwood@npf-fpn.com\">bwood@npf-fpn.com<\/a><\/li><\/ul>\n\n<p><strong>District du centre &#8211; Alberta<\/strong><\/p>\n\n<ul class=\"wp-block-list\"><li>Ian Ihme &#8211;&nbsp;<a href=\"mailto:IIhme@npf-fpn.com\">IIhme@npf-fpn.com<\/a><\/li><li>Layne Wakefield &#8211;&nbsp;<a href=\"mailto:LWakefield@npf-fpn.com\">LWakefield@npf-fpn.com<\/a><\/li><li>Courtney McCarron &#8211;&nbsp;<a href=\"mailto:CMcCarron@npf-fpn.com\">CMcCarron@npf-fpn.com<\/a><\/li><li>Mark Bovaird &#8211;&nbsp;<a href=\"mailto:MBovaird@npf-fpn.com\">MBovaird@npf-fpn.com<\/a><\/li><li>Mark Fraser &#8211;&nbsp;<a href=\"mailto:MFraser@npf-fpn.com\">MFraser@npf-fpn.com<\/a><\/li><li>Mark Sloan &#8211;&nbsp;<a href=\"mailto:MSloan@npf-fpn.com\">MSloan@npf-fpn.com<\/a><\/li><li>Ray Savage &#8211;&nbsp;<a href=\"mailto:RSavage@npf-fpn.com\">RSavage@npf-fpn.com<\/a><\/li><\/ul>\n\n<p><strong>District du Sud &#8211; Alberta<\/strong><\/p>\n\n<ul class=\"wp-block-list\"><li>William Groenen &#8211;&nbsp;<a href=\"mailto:WGroenen@npf-fpn.com\">WGroenen@npf-fpn.com<\/a><\/li><li>Nicole Bonneville &#8211;&nbsp;<a href=\"mailto:NBonneville@npf-fpn.com\">NBonneville@npf-fpn.com<\/a><\/li><li>Bobby Aben &#8211; <a href=\"mailto:baben@npf-fpn.com\">baben@npf-fpn.com<\/a><\/li><li>Zach Giles &#8211; <a href=\"mailto:zgiles@npf-fpn.com\">zgiles@npf-fpn.com<\/a><\/li><\/ul>\n\n<p><strong>District de l&#8217;Est &#8211; Alberta<\/strong><\/p>\n\n<ul class=\"wp-block-list\"><li>Sam Hilliard &#8211;&nbsp;<a href=\"mailto:SHilliard@npf-fpn.com\">SHilliard@npf-fpn.com<\/a><\/li><li>Kelly Sikorski &#8211;&nbsp;<a href=\"mailto:KSikorski@npf-fpn.com\">KSikorski@npf-fpn.com<\/a><\/li><li>Kyle Dalueg &#8211; <a href=\"mailto:kdalueg@npf-fpn.com\">kdalueg@npf-fpn.com<\/a><\/li><\/ul>\n\n<p><strong>District de l&#8217;Ouest &#8211; Alberta<\/strong><\/p>\n\n<ul class=\"wp-block-list\"><li>Richard Browne &#8211;&nbsp;<a href=\"mailto:RBrowne@npf-fpn.com\">RBrowne@npf-fpn.com<\/a><\/li><\/ul>\n\n<p><strong>District D\u00e9p\u00f4t &#8211; Saskatchewan<\/strong><\/p>\n\n<ul class=\"wp-block-list\"><li>Josh Buck &#8211;&nbsp;<a href=\"mailto:JBuck@npf-fpn.com\">JBuck@npf-fpn.com<\/a><\/li><li>Tom Grainger &#8211; <a href=\"mailto:tgrainger@npf-fpn.com\">tgrainger@npf-fpn.com<\/a><\/li><\/ul>\n\n<p><strong>District du centre &#8211; Saskatchewan<\/strong><\/p>\n\n<ul class=\"wp-block-list\"><li>Dereck Wierzbicki &#8211;&nbsp;<a href=\"mailto:DWierzbicki@npf-fpn.com\">DWierzbicki@npf-fpn.com<\/a><\/li><li>Shannon Brouwer &#8211; <a href=\"mailto:sbrouwer@npf-fpn.com\">sbrouwer@npf-fpn.com<\/a><\/li><\/ul>\n\n<p><strong>District Nord &#8211; Saskatchewan<\/strong><\/p>\n\n<ul class=\"wp-block-list\"><li>Erin Charabin &#8211; <a href=\"mailto:ECharabin@npf-fpn.com\">ECharabin@npf-fpn.com<\/a><\/li><li>Robert Gatenby &#8211; <a href=\"mailto:rgatenby@npf-fpn.com\">rgatenby@npf-fpn.com<\/a><\/li><\/ul>\n\n<p><strong>District du Sud &#8211; Saskatchewan<\/strong><\/p>\n\n<ul class=\"wp-block-list\"><li>Marcus Crocker &#8211;&nbsp;<a href=\"mailto:MCrocker@npf-fpn.com\">MCrocker@npf-fpn.com<\/a><\/li><li>Trevor Ellis &#8211;&nbsp;<a href=\"mailto:TEllis@npf-fpn.com\">TEllis@npf-fpn.com<\/a><\/li><li>Ryan Case &#8211; <a href=\"mailto:rcase@npf-fpn.com\">rcase@npf-fpn.com<\/a><\/li><\/ul>\n\n<p><strong>District de l&#8217;Est &#8211; Manitoba<\/strong><\/p>\n\n<ul class=\"wp-block-list\"><li>Clayton Catellier &#8211;&nbsp;<a href=\"mailto:ccatellier@npf-fpn.com\">CCatellier@npf-fpn.com<\/a><\/li><li>Marty Hnatuk &#8211;&nbsp;<a href=\"mailto:MHnatuk@npf-fpn.com\">MHnatuk@npf-fpn.com<\/a><\/li><li>Dan Tellier &#8211;&nbsp;<a href=\"mailto:dtellier@npf-fpn.com\">DTellier@npf-fpn.com<\/a><\/li><li>Michael Carr &#8211; <a href=\"mailto:MCarr@npf-fpn.com\" target=\"_blank\" rel=\"noreferrer noopener\">MCarr@npf-fpn.com<\/a><\/li><\/ul>\n\n<p><strong>District de l&#8217;Ouest &#8211; Manitoba<\/strong><\/p>\n\n<p><strong>District Nord &#8211; Saskatchewan<\/strong><\/p>\n\n<ul class=\"wp-block-list\"><li>Devin Scramstad &#8211;&nbsp;<a href=\"mailto:DScramstad@npf-fpn.com\">DScramstad@npf-fpn.com<\/a><\/li><\/ul>\n\n<p><strong>District du Nord-Est &#8211; Ontario<\/strong><\/p>\n\n<ul class=\"wp-block-list\"><li>Geoff Quibell &#8211;&nbsp;<a href=\"mailto:GQuibell@npf-fpn.com\">GQuibell@npf-fpn.com<\/a><\/li><li>Denis Simard &#8211; <a href=\"mailto:dsimard@npf-fpn.com\">dsimard@npf-fpn.com<\/a><\/li><\/ul>\n\n<p><strong>District national &#8211; Ontario<\/strong><\/p>\n\n<ul class=\"wp-block-list\"><li>Neil Vaid &#8211; <a href=\"mailto:NVaid@npf-fpn.com\">NVaid@npf-fpn.com<\/a><\/li><\/ul><\/div>\n\n<div class=\"wp-block-column is-layout-flow wp-block-column-is-layout-flow\"><p><strong>Direction g\u00e9n\u00e9rale &#8211; Ontario<\/strong><\/p>\n\n<ul class=\"wp-block-list\"><li>Emmanuel Charette &#8211;&nbsp;<a href=\"mailto:ECharette@npf-fpn.com\">ECharette@npf-fpn.com<\/a><\/li><li>Andrew Traynor &#8211;&nbsp;<a href=\"mailto:ATraynor@npf-fpn.com\">ATraynor@npf-fpn.com<\/a><\/li><li>Marc Langevin &#8211; <a href=\"mailto:MLangevin@npf-fpn.com\">MLangevin@npf-fpn.com<\/a><\/li><\/ul>\n\n<p><strong>District du Grand Toronto &#8211; Ontario<\/strong><\/p>\n\n<ul class=\"wp-block-list\"><li>Kevin Drechsel &#8211;&nbsp;<a href=\"mailto:KDrechsel@npf-fpn.com\">KDrechsel@npf-fpn.com<\/a><\/li><li>Eric Hymander &#8211;&nbsp;<a href=\"mailto:EHymander@npf-fpn.com\">EHymander@npf-fpn.com<\/a><\/li><li>Paul Firth &#8211;&nbsp;<a href=\"mailto:PFirth@npf-fpn.com\">PFirth@npf-fpn.com<\/a><\/li><li>Sachin Verma &#8211; <a href=\"mailto:SVerma@npf-fpn.com\">SVerma@npf-fpn.com<\/a><\/li><\/ul>\n\n<p><strong>District du Sud-Ouest &#8211; Ontario<\/strong><\/p>\n\n<ul class=\"wp-block-list\"><li>Louis Rainville &#8211;&nbsp;<a href=\"mailto:LRainville@npf-fpn.com\">LRainville@npf-fpn.com<\/a><\/li><\/ul>\n\n<p><strong>District de l&#8217;Ouest &#8211; Qu\u00e9bec<\/strong><\/p>\n\n<ul class=\"wp-block-list\"><li>Christian Pageau &#8211;&nbsp;<a href=\"mailto:CPageau@npf-fpn.com\">CPageau@npf-fpn.com<\/a><\/li><\/ul>\n\n<p><strong>Direction g\u00e9n\u00e9rale de district &#8211; Qu\u00e9bec<\/strong><\/p>\n\n<ul class=\"wp-block-list\"><li>Lucas Bedard &#8211;&nbsp;<a href=\"mailto:LBedard@npf-fpn.com\">LBedard@npf-fpn.com<\/a><\/li><li>Francois Gagnon &#8211;&nbsp;<a href=\"mailto:FGagnon@npf-fpn.com\">FGagnon@npf-fpn.com<\/a><\/li><li>Nicolas Leroux &#8211;&nbsp;<a href=\"mailto:NLeroux@npf-fpn.com\">NLeroux@npf-fpn.com<\/a><\/li><li>Patrick Leclair &#8211; <a href=\"mailto:PLeclair@npf-fpn.com\">PLeclair@npf-fpn.com<\/a><\/li><\/ul>\n\n<p><strong>District de l&#8217;est &#8211; Qu\u00e9bec<\/strong><\/p>\n\n<ul class=\"wp-block-list\"><li>Jean Bouchard &#8211;&nbsp;<a href=\"mailto:JBouchard@npf-fpn.com\">JBouchard@npf-fpn.com<\/a><\/li><\/ul>\n\n<p><strong>District de Codiac &#8211; Nouveau-Brunswick<\/strong><\/p>\n\n<ul class=\"wp-block-list\"><li>Alexandre Garault &#8211;&nbsp;<a href=\"mailto:AGarault@npf-fpn.com\">AGarault@npf-fpn.com<\/a><\/li><\/ul>\n\n<p><strong>District de Sud-Est &#8211; Nouveau-Brunswick<\/strong><\/p>\n\n<ul class=\"wp-block-list\"><li>Rob Ferris &#8211;&nbsp;<a href=\"mailto:RFerris@npf-fpn.com\">RFerris@npf-fpn.com<\/a><\/li><\/ul>\n\n<p><strong>District de l&#8217;Ouest &#8211; Nouveau-Brunswick<\/strong><\/p>\n\n<ul class=\"wp-block-list\"><li>Ryan Lewis &#8211;&nbsp;<a href=\"mailto:RLewis@npf-fpn.com\">RLewis@npf-fpn.com<\/a><\/li><li>Jonathan Cormier &#8211; <a href=\"mailto:JCormier@npf-fpn.com\">JCormier@npf-fpn.com<\/a><\/li><\/ul>\n\n<p><strong>District du Nord-Est &#8211; Nouveau-Brunswick<\/strong><\/p>\n\n<p><strong>District de Halifax &#8211; Nouvelle-\u00c9cosse<\/strong><\/p>\n\n<ul class=\"wp-block-list\"><li>Michael Collins &#8211;&nbsp;<a href=\"mailto:mcollins@npf-fpn.com\">MCollins@npf-fpn.com<\/a><\/li><\/ul>\n\n<p><strong>District du Nord-Est &#8211; Nouvelle-\u00c9cosse<\/strong><\/p>\n\n<ul class=\"wp-block-list\"><li>Dan MacDonald &#8211;&nbsp;<a href=\"mailto:DMacDonald@npf-fpn.com\">DMacdonald@npf-fpn.com<\/a><\/li><li>Drew Smith &#8211; <a href=\"mailto:DSmith@npf-fpn.com\">DSmith@npf-fpn.com<\/a><\/li><\/ul>\n\n<p><strong>District du Sud-Ouest &#8211; Nouvelle-\u00c9cosse<\/strong><\/p>\n\n<p><strong>District de l&#8217;Est &#8211; Terre-Neuve-et-Labrador<\/strong><\/p>\n\n<ul class=\"wp-block-list\"><li>Lynn Gaudet &#8211;&nbsp;<a href=\"mailto:LGaudet@npf-fpn.com\">LGaudet@npf-fpn.com<\/a><\/li><\/ul>\n\n<p><strong>District du Labrador &#8211; Terre-Neuve-et-Labrador<\/strong><\/p>\n\n<p><strong>District de l&#8217;Ouest &#8211; Terre-Neuve-et-Labrador<\/strong><\/p>\n\n<ul class=\"wp-block-list\"><li>Jake Foran &#8211;&nbsp;<a href=\"mailto:JForan@npf-fpn.com\">JForan@npf-fpn.com<\/a><\/li><\/ul>\n\n<p><strong>District de l&#8217;\u00cele-du-Prince-\u00c9douard<\/strong><\/p>\n\n<ul class=\"wp-block-list\"><li>Thane MacEachern &#8211;&nbsp;<a href=\"mailto:TMacEachern@npf-fpn.com\">TMacEachern@npf-fpn.com<\/a><\/li><li>Scott Mintie &#8211; <a href=\"mailto:SMintie@npf-fpn.com\">SMintie@npf-fpn.com<\/a><\/li><\/ul>\n\n<p><strong>District du Yukon<\/strong><\/p>\n\n<ul class=\"wp-block-list\"><li>Sam Anderson &#8211; <a href=\"mailto:SAnderson@npf-fpn.com\">SAnderson@npf-fpn.com<\/a><\/li><li>Jessica Edwards &#8211; <a href=\"mailto:JEdward@npf-fpn.com\">JEdwards@npf-fpn.com<\/a><\/li><\/ul>\n\n<p><strong>District des Territoires du Nord-Ouest<\/strong><\/p>\n\n<ul class=\"wp-block-list\"><li>Britt Bancroft &#8211;&nbsp;<a href=\"mailto:BBancroft@npf-fpn.com\">BBancroft@npf-fpn.com<\/a><\/li><li>Christopher Stuckless &#8211;&nbsp;<a href=\"mailto:CStuckless@npf-fpn.com\">CStuckless@npf-fpn.com<\/a><\/li><\/ul>\n\n<p><strong>District du Nunavut<\/strong><\/p>\n\n<ul class=\"wp-block-list\"><li>Paul Rogers &#8211; <a href=\"mailto:PRogers@npf-fpn.com\">PRogers@npf-fpn.com<\/a><\/li><\/ul><\/div><\/div>","protected":false},"excerpt":{"rendered":"<p>Les repr\u00e9sentants locaux jouent un r\u00f4le cl\u00e9 dans l\u2019accomplissement de la mission de la FPN d\u2019assurer une repr\u00e9sentation forte, \u00e9quitable et progressive des membres. Les RL aident \u00e0 mettre les membres en contact avec la FPN, en s\u2019assurant que vous [&hellip;]<\/p>\n","protected":false},"author":1,"featured_media":0,"parent":0,"menu_order":0,"comment_status":"closed","ping_status":"closed","template":"","meta":{"_acf_changed":false,"inline_featured_image":false,"footnotes":""},"class_list":["post-1634","page","type-page","status-publish","hentry"],"acf":[],"yoast_head":"<!-- This site is optimized with the Yoast SEO plugin v24.4 - https:\/\/yoast.com\/wordpress\/plugins\/seo\/ -->\n<title>Repr\u00e9sentants locaux - NPF-FPN<\/title>\n<meta name=\"robots\" content=\"noindex, follow, max-snippet:-1, max-image-preview:large, max-video-preview:-1\" \/>\n<meta property=\"og:locale\" content=\"fr_FR\" \/>\n<meta property=\"og:type\" content=\"article\" \/>\n<meta property=\"og:title\" content=\"Repr\u00e9sentants locaux - NPF-FPN\" \/>\n<meta property=\"og:description\" content=\"Les repr\u00e9sentants locaux jouent un r\u00f4le cl\u00e9 dans l\u2019accomplissement de la mission de la FPN d\u2019assurer une repr\u00e9sentation forte, \u00e9quitable et progressive des membres. Les RL aident \u00e0 mettre les membres en contact avec la FPN, en s\u2019assurant que vous [&hellip;]\" \/>\n<meta property=\"og:url\" content=\"https:\/\/npf-website-wordpress.ind.ninja\/fr\/representants-locaux\/\" \/>\n<meta property=\"og:site_name\" content=\"NPF-FPN\" \/>\n<meta property=\"article:modified_time\" content=\"2022-11-22T15:26:09+00:00\" \/>\n<meta name=\"twitter:card\" content=\"summary_large_image\" \/>\n<meta name=\"twitter:label1\" content=\"Est. reading time\" \/>\n\t<meta name=\"twitter:data1\" content=\"3 minutes\" \/>\n<script type=\"application\/ld+json\" class=\"yoast-schema-graph\">{\"@context\":\"https:\/\/schema.org\",\"@graph\":[{\"@type\":\"WebPage\",\"@id\":\"https:\/\/npf-website-wordpress.ind.ninja\/fr\/representants-locaux\/\",\"url\":\"https:\/\/npf-website-wordpress.ind.ninja\/fr\/representants-locaux\/\",\"name\":\"Repr\u00e9sentants locaux - NPF-FPN\",\"isPartOf\":{\"@id\":\"https:\/\/npf-website-wordpress.ind.ninja\/#website\"},\"datePublished\":\"2021-05-28T19:16:25+00:00\",\"dateModified\":\"2022-11-22T15:26:09+00:00\",\"breadcrumb\":{\"@id\":\"https:\/\/npf-website-wordpress.ind.ninja\/fr\/representants-locaux\/#breadcrumb\"},\"inLanguage\":\"fr-FR\",\"potentialAction\":[{\"@type\":\"ReadAction\",\"target\":[\"https:\/\/npf-website-wordpress.ind.ninja\/fr\/representants-locaux\/\"]}]},{\"@type\":\"BreadcrumbList\",\"@id\":\"https:\/\/npf-website-wordpress.ind.ninja\/fr\/representants-locaux\/#breadcrumb\",\"itemListElement\":[{\"@type\":\"ListItem\",\"position\":1,\"name\":\"Home\",\"item\":\"https:\/\/npf-website-wordpress.ind.ninja\/fr\/\"},{\"@type\":\"ListItem\",\"position\":2,\"name\":\"Repr\u00e9sentants locaux\"}]},{\"@type\":\"WebSite\",\"@id\":\"https:\/\/npf-website-wordpress.ind.ninja\/#website\",\"url\":\"https:\/\/npf-website-wordpress.ind.ninja\/\",\"name\":\"NPF-FPN\",\"description\":\"roviding strong, fair and progressive representation to almost 20,000 RCMP members across Canada.\",\"publisher\":{\"@id\":\"https:\/\/npf-website-wordpress.ind.ninja\/#organization\"},\"potentialAction\":[{\"@type\":\"SearchAction\",\"target\":{\"@type\":\"EntryPoint\",\"urlTemplate\":\"https:\/\/npf-website-wordpress.ind.ninja\/?s={search_term_string}\"},\"query-input\":{\"@type\":\"PropertyValueSpecification\",\"valueRequired\":true,\"valueName\":\"search_term_string\"}}],\"inLanguage\":\"fr-FR\"},{\"@type\":\"Organization\",\"@id\":\"https:\/\/npf-website-wordpress.ind.ninja\/#organization\",\"name\":\"NPF-FPN\",\"url\":\"https:\/\/npf-website-wordpress.ind.ninja\/\",\"logo\":{\"@type\":\"ImageObject\",\"inLanguage\":\"fr-FR\",\"@id\":\"https:\/\/npf-website-wordpress.ind.ninja\/#\/schema\/logo\/image\/\",\"url\":\"https:\/\/npf-fpn.com\/app\/uploads\/2022\/01\/NPF.jpg\",\"contentUrl\":\"https:\/\/npf-fpn.com\/app\/uploads\/2022\/01\/NPF.jpg\",\"width\":200,\"height\":200,\"caption\":\"NPF-FPN\"},\"image\":{\"@id\":\"https:\/\/npf-website-wordpress.ind.ninja\/#\/schema\/logo\/image\/\"}}]}<\/script>\n<!-- \/ Yoast SEO plugin. -->","yoast_head_json":{"title":"Repr\u00e9sentants locaux - NPF-FPN","robots":{"index":"noindex","follow":"follow","max-snippet":"max-snippet:-1","max-image-preview":"max-image-preview:large","max-video-preview":"max-video-preview:-1"},"og_locale":"fr_FR","og_type":"article","og_title":"Repr\u00e9sentants locaux - NPF-FPN","og_description":"Les repr\u00e9sentants locaux jouent un r\u00f4le cl\u00e9 dans l\u2019accomplissement de la mission de la FPN d\u2019assurer une repr\u00e9sentation forte, \u00e9quitable et progressive des membres. Les RL aident \u00e0 mettre les membres en contact avec la FPN, en s\u2019assurant que vous [&hellip;]","og_url":"https:\/\/npf-website-wordpress.ind.ninja\/fr\/representants-locaux\/","og_site_name":"NPF-FPN","article_modified_time":"2022-11-22T15:26:09+00:00","twitter_card":"summary_large_image","twitter_misc":{"Est. reading time":"3 minutes"},"schema":{"@context":"https:\/\/schema.org","@graph":[{"@type":"WebPage","@id":"https:\/\/npf-website-wordpress.ind.ninja\/fr\/representants-locaux\/","url":"https:\/\/npf-website-wordpress.ind.ninja\/fr\/representants-locaux\/","name":"Repr\u00e9sentants locaux - NPF-FPN","isPartOf":{"@id":"https:\/\/npf-website-wordpress.ind.ninja\/#website"},"datePublished":"2021-05-28T19:16:25+00:00","dateModified":"2022-11-22T15:26:09+00:00","breadcrumb":{"@id":"https:\/\/npf-website-wordpress.ind.ninja\/fr\/representants-locaux\/#breadcrumb"},"inLanguage":"fr-FR","potentialAction":[{"@type":"ReadAction","target":["https:\/\/npf-website-wordpress.ind.ninja\/fr\/representants-locaux\/"]}]},{"@type":"BreadcrumbList","@id":"https:\/\/npf-website-wordpress.ind.ninja\/fr\/representants-locaux\/#breadcrumb","itemListElement":[{"@type":"ListItem","position":1,"name":"Home","item":"https:\/\/npf-website-wordpress.ind.ninja\/fr\/"},{"@type":"ListItem","position":2,"name":"Repr\u00e9sentants locaux"}]},{"@type":"WebSite","@id":"https:\/\/npf-website-wordpress.ind.ninja\/#website","url":"https:\/\/npf-website-wordpress.ind.ninja\/","name":"NPF-FPN","description":"roviding strong, fair and progressive representation to almost 20,000 RCMP members across Canada.","publisher":{"@id":"https:\/\/npf-website-wordpress.ind.ninja\/#organization"},"potentialAction":[{"@type":"SearchAction","target":{"@type":"EntryPoint","urlTemplate":"https:\/\/npf-website-wordpress.ind.ninja\/?s={search_term_string}"},"query-input":{"@type":"PropertyValueSpecification","valueRequired":true,"valueName":"search_term_string"}}],"inLanguage":"fr-FR"},{"@type":"Organization","@id":"https:\/\/npf-website-wordpress.ind.ninja\/#organization","name":"NPF-FPN","url":"https:\/\/npf-website-wordpress.ind.ninja\/","logo":{"@type":"ImageObject","inLanguage":"fr-FR","@id":"https:\/\/npf-website-wordpress.ind.ninja\/#\/schema\/logo\/image\/","url":"https:\/\/npf-fpn.com\/app\/uploads\/2022\/01\/NPF.jpg","contentUrl":"https:\/\/npf-fpn.com\/app\/uploads\/2022\/01\/NPF.jpg","width":200,"height":200,"caption":"NPF-FPN"},"image":{"@id":"https:\/\/npf-website-wordpress.ind.ninja\/#\/schema\/logo\/image\/"}}]}},"_links":{"self":[{"href":"https:\/\/npf-website-wordpress.ind.ninja\/fr\/wp-json\/wp\/v2\/pages\/1634","targetHints":{"allow":["GET"]}}],"collection":[{"href":"https:\/\/npf-website-wordpress.ind.ninja\/fr\/wp-json\/wp\/v2\/pages"}],"about":[{"href":"https:\/\/npf-website-wordpress.ind.ninja\/fr\/wp-json\/wp\/v2\/types\/page"}],"author":[{"embeddable":true,"href":"https:\/\/npf-website-wordpress.ind.ninja\/fr\/wp-json\/wp\/v2\/users\/1"}],"replies":[{"embeddable":true,"href":"https:\/\/npf-website-wordpress.ind.ninja\/fr\/wp-json\/wp\/v2\/comments?post=1634"}],"version-history":[{"count":30,"href":"https:\/\/npf-website-wordpress.ind.ninja\/fr\/wp-json\/wp\/v2\/pages\/1634\/revisions"}],"predecessor-version":[{"id":27425,"href":"https:\/\/npf-website-wordpress.ind.ninja\/fr\/wp-json\/wp\/v2\/pages\/1634\/revisions\/27425"}],"wp:attachment":[{"href":"https:\/\/npf-website-wordpress.ind.ninja\/fr\/wp-json\/wp\/v2\/media?parent=1634"}],"curies":[{"name":"wp","href":"https:\/\/api.w.org\/{rel}","templated":true}]}}